{"id":4144,"date":"2025-11-18T11:32:01","date_gmt":"2025-11-18T11:32:01","guid":{"rendered":"https:\/\/topspaintours.com\/?post_type=product&#038;p=4144"},"modified":"2026-01-13T08:59:27","modified_gmt":"2026-01-13T08:59:27","slug":"leyendas-de-las-palmas-cultura-naturaleza-y-encanto-costero","status":"publish","type":"product","link":"https:\/\/topspaintours.com\/es\/productos\/leyendas-de-las-palmas-cultura-naturaleza-y-encanto-costero\/","title":{"rendered":"Leyendas de Las Palmas: Cultura, Naturaleza y Encanto Costero"},"content":{"rendered":"<p><span style=\"font-weight: 400;\">Descubre la esencia de Las Palmas de Gran Canaria en esta completa experiencia de 5 horas que combina historia viva, patrimonio cultural y paisajes naturales impactantes. Desde el encanto colonial del casco antiguo hasta cr\u00e1teres volc\u00e1nicos y jardines bot\u00e1nicos, este recorrido revela los m\u00faltiples rostros de la ciudad.<\/span><\/p>\n<p><span style=\"font-weight: 400;\">Comenzamos con un c\u00f3modo trayecto hacia el coraz\u00f3n hist\u00f3rico de la capital. Disfruta de un recorrido guiado por <\/span><b>Vegueta<\/b><span style=\"font-weight: 400;\">, el barrio m\u00e1s antiguo de Las Palmas, fundado en el siglo XV. Caminar\u00e1s entre calles empedradas y edificios emblem\u00e1ticos que a\u00fan conservan el esp\u00edritu de la era colonial.<\/span><\/p>\n<p><span style=\"font-weight: 400;\">La siguiente parada es la <\/span><b>Casa de Col\u00f3n<\/b><span style=\"font-weight: 400;\">, una majestuosa residencia donde se cree que Crist\u00f3bal Col\u00f3n se aloj\u00f3 durante sus traves\u00edas hacia Am\u00e9rica. Explora sus salas repletas de mapas antiguos, diarios de viaje y objetos que revelan el papel clave de Canarias en la Era de los Descubrimientos.<\/span><\/p>\n<p><span style=\"font-weight: 400;\">Continuamos hacia el interior de la isla para admirar la imponente <\/span><b>Caldera de Bandama<\/b><span style=\"font-weight: 400;\">, un cr\u00e1ter volc\u00e1nico de casi un kil\u00f3metro de ancho y m\u00e1s de 200 metros de profundidad, formado hace m\u00e1s de tres siglos.<\/span><\/p>\n<p><span style=\"font-weight: 400;\">Para cerrar con broche de oro, exploraremos el vibrante ambiente del <\/span><b>Parque de Santa Catalina<\/b><span style=\"font-weight: 400;\"> y la zona del puerto, antes de dar un paseo final por la emblem\u00e1tica <\/span><b>Playa de Las Canteras<\/b><span style=\"font-weight: 400;\">, considerada una de las mejores playas urbanas del mundo.<\/span><\/p>\n","protected":false},"excerpt":{"rendered":"<p><span style=\"font-weight: 400;\">\u00a0Descubre la esencia de Las Palmas de Gran Canaria en esta completa experiencia de 5 horas que combina historia viva, patrimonio cultural y paisajes naturales impactantes.<\/span><\/p>\n","protected":false},"featured_media":4145,"comment_status":"closed","ping_status":"closed","template":"","meta":[],"product_brand":[],"product_cat":[37],"product_tag":[51],"idioma-del-tour":[44,45],"class_list":{"0":"post-4144","1":"product","2":"type-product","3":"status-publish","4":"has-post-thumbnail","6":"product_cat-las-palmas","7":"product_tag-tours-organizados","8":"idioma-del-tour-espanol","9":"idioma-del-tour-ingles","11":"first","12":"instock","13":"sold-individually","14":"taxable","15":"shipping-taxable","16":"purchasable","17":"product-type-booking"},"yoast_head":"<!-- This site is optimized with the Yoast SEO plugin v27.0 - https:\/\/yoast.com\/product\/yoast-seo-wordpress\/ -->\n<title>Leyendas de Las Palmas: Cultura, Naturaleza y Encanto Costero - Top Spain Tours<\/title>\n<meta name=\"robots\" content=\"index, follow, max-snippet:-1, max-image-preview:large, max-video-preview:-1\" \/>\n<link rel=\"canonical\" href=\"https:\/\/topspaintours.com\/es\/productos\/leyendas-de-las-palmas-cultura-naturaleza-y-encanto-costero\/\" \/>\n<meta property=\"og:locale\" content=\"es_ES\" \/>\n<meta property=\"og:type\" content=\"article\" \/>\n<meta property=\"og:title\" content=\"Leyendas de Las Palmas: Cultura, Naturaleza y Encanto Costero - Top Spain Tours\" \/>\n<meta property=\"og:description\" content=\"\u00a0Descubre la esencia de Las Palmas de Gran Canaria en esta completa experiencia de 5 horas que combina historia viva, patrimonio cultural y paisajes naturales impactantes.\" \/>\n<meta property=\"og:url\" content=\"https:\/\/topspaintours.com\/es\/productos\/leyendas-de-las-palmas-cultura-naturaleza-y-encanto-costero\/\" \/>\n<meta property=\"og:site_name\" content=\"Top Spain Tours\" \/>\n<meta property=\"article:modified_time\" content=\"2026-01-13T08:59:27+00:00\" \/>\n<meta property=\"og:image\" content=\"https:\/\/topspaintours.com\/wp-content\/uploads\/2025\/11\/rsz_1las_palmas_d81_5983_32295016606_2.jpg\" \/>\n\t<meta property=\"og:image:width\" content=\"1655\" \/>\n\t<meta property=\"og:image:height\" content=\"1105\" \/>\n\t<meta property=\"og:image:type\" content=\"image\/jpeg\" \/>\n<meta name=\"twitter:card\" content=\"summary_large_image\" \/>\n<meta name=\"twitter:label1\" content=\"Tiempo de lectura\" \/>\n\t<meta name=\"twitter:data1\" content=\"2 minutos\" \/>\n<script type=\"application\/ld+json\" class=\"yoast-schema-graph\">{\"@context\":\"https:\/\/schema.org\",\"@graph\":[{\"@type\":\"WebPage\",\"@id\":\"https:\/\/topspaintours.com\/es\/productos\/leyendas-de-las-palmas-cultura-naturaleza-y-encanto-costero\/\",\"url\":\"https:\/\/topspaintours.com\/es\/productos\/leyendas-de-las-palmas-cultura-naturaleza-y-encanto-costero\/\",\"name\":\"Leyendas de Las Palmas: Cultura, Naturaleza y Encanto Costero - Top Spain Tours\",\"isPartOf\":{\"@id\":\"https:\/\/topspaintours.com\/es\/#website\"},\"primaryImageOfPage\":{\"@id\":\"https:\/\/topspaintours.com\/es\/productos\/leyendas-de-las-palmas-cultura-naturaleza-y-encanto-costero\/#primaryimage\"},\"image\":{\"@id\":\"https:\/\/topspaintours.com\/es\/productos\/leyendas-de-las-palmas-cultura-naturaleza-y-encanto-costero\/#primaryimage\"},\"thumbnailUrl\":\"https:\/\/topspaintours.com\/wp-content\/uploads\/2025\/11\/rsz_1las_palmas_d81_5983_32295016606_2.jpg\",\"datePublished\":\"2025-11-18T11:32:01+00:00\",\"dateModified\":\"2026-01-13T08:59:27+00:00\",\"breadcrumb\":{\"@id\":\"https:\/\/topspaintours.com\/es\/productos\/leyendas-de-las-palmas-cultura-naturaleza-y-encanto-costero\/#breadcrumb\"},\"inLanguage\":\"es\",\"potentialAction\":[{\"@type\":\"ReadAction\",\"target\":[\"https:\/\/topspaintours.com\/es\/productos\/leyendas-de-las-palmas-cultura-naturaleza-y-encanto-costero\/\"]}]},{\"@type\":\"ImageObject\",\"inLanguage\":\"es\",\"@id\":\"https:\/\/topspaintours.com\/es\/productos\/leyendas-de-las-palmas-cultura-naturaleza-y-encanto-costero\/#primaryimage\",\"url\":\"https:\/\/topspaintours.com\/wp-content\/uploads\/2025\/11\/rsz_1las_palmas_d81_5983_32295016606_2.jpg\",\"contentUrl\":\"https:\/\/topspaintours.com\/wp-content\/uploads\/2025\/11\/rsz_1las_palmas_d81_5983_32295016606_2.jpg\",\"width\":1655,\"height\":1105},{\"@type\":\"BreadcrumbList\",\"@id\":\"https:\/\/topspaintours.com\/es\/productos\/leyendas-de-las-palmas-cultura-naturaleza-y-encanto-costero\/#breadcrumb\",\"itemListElement\":[{\"@type\":\"ListItem\",\"position\":1,\"name\":\"Portada\",\"item\":\"https:\/\/topspaintours.com\/es\/\"},{\"@type\":\"ListItem\",\"position\":2,\"name\":\"Tienda\",\"item\":\"https:\/\/topspaintours.com\/tienda\/\"},{\"@type\":\"ListItem\",\"position\":3,\"name\":\"Leyendas de Las Palmas: Cultura, Naturaleza y Encanto Costero\"}]},{\"@type\":\"WebSite\",\"@id\":\"https:\/\/topspaintours.com\/es\/#website\",\"url\":\"https:\/\/topspaintours.com\/es\/\",\"name\":\"Top Spain Tours\",\"description\":\"Tours privados y experiencias tur\u00edsticas exclusivas en Espa\u00f1a y Portugal\",\"publisher\":{\"@id\":\"https:\/\/topspaintours.com\/es\/#organization\"},\"potentialAction\":[{\"@type\":\"SearchAction\",\"target\":{\"@type\":\"EntryPoint\",\"urlTemplate\":\"https:\/\/topspaintours.com\/es\/?s={search_term_string}\"},\"query-input\":{\"@type\":\"PropertyValueSpecification\",\"valueRequired\":true,\"valueName\":\"search_term_string\"}}],\"inLanguage\":\"es\"},{\"@type\":\"Organization\",\"@id\":\"https:\/\/topspaintours.com\/es\/#organization\",\"name\":\"Top Spain Tours\",\"url\":\"https:\/\/topspaintours.com\/es\/\",\"logo\":{\"@type\":\"ImageObject\",\"inLanguage\":\"es\",\"@id\":\"https:\/\/topspaintours.com\/es\/#\/schema\/logo\/image\/\",\"url\":\"https:\/\/topspaintours.com\/wp-content\/uploads\/2023\/12\/top-spain-logo-nuevo.png\",\"contentUrl\":\"https:\/\/topspaintours.com\/wp-content\/uploads\/2023\/12\/top-spain-logo-nuevo.png\",\"width\":425,\"height\":455,\"caption\":\"Top Spain Tours\"},\"image\":{\"@id\":\"https:\/\/topspaintours.com\/es\/#\/schema\/logo\/image\/\"}}]}<\/script>\n<!-- \/ Yoast SEO plugin. -->","yoast_head_json":{"title":"Leyendas de Las Palmas: Cultura, Naturaleza y Encanto Costero - Top Spain Tours","robots":{"index":"index","follow":"follow","max-snippet":"max-snippet:-1","max-image-preview":"max-image-preview:large","max-video-preview":"max-video-preview:-1"},"canonical":"https:\/\/topspaintours.com\/es\/productos\/leyendas-de-las-palmas-cultura-naturaleza-y-encanto-costero\/","og_locale":"es_ES","og_type":"article","og_title":"Leyendas de Las Palmas: Cultura, Naturaleza y Encanto Costero - Top Spain Tours","og_description":"\u00a0Descubre la esencia de Las Palmas de Gran Canaria en esta completa experiencia de 5 horas que combina historia viva, patrimonio cultural y paisajes naturales impactantes.","og_url":"https:\/\/topspaintours.com\/es\/productos\/leyendas-de-las-palmas-cultura-naturaleza-y-encanto-costero\/","og_site_name":"Top Spain Tours","article_modified_time":"2026-01-13T08:59:27+00:00","og_image":[{"width":1655,"height":1105,"url":"https:\/\/topspaintours.com\/wp-content\/uploads\/2025\/11\/rsz_1las_palmas_d81_5983_32295016606_2.jpg","type":"image\/jpeg"}],"twitter_card":"summary_large_image","twitter_misc":{"Tiempo de lectura":"2 minutos"},"schema":{"@context":"https:\/\/schema.org","@graph":[{"@type":"WebPage","@id":"https:\/\/topspaintours.com\/es\/productos\/leyendas-de-las-palmas-cultura-naturaleza-y-encanto-costero\/","url":"https:\/\/topspaintours.com\/es\/productos\/leyendas-de-las-palmas-cultura-naturaleza-y-encanto-costero\/","name":"Leyendas de Las Palmas: Cultura, Naturaleza y Encanto Costero - Top Spain Tours","isPartOf":{"@id":"https:\/\/topspaintours.com\/es\/#website"},"primaryImageOfPage":{"@id":"https:\/\/topspaintours.com\/es\/productos\/leyendas-de-las-palmas-cultura-naturaleza-y-encanto-costero\/#primaryimage"},"image":{"@id":"https:\/\/topspaintours.com\/es\/productos\/leyendas-de-las-palmas-cultura-naturaleza-y-encanto-costero\/#primaryimage"},"thumbnailUrl":"https:\/\/topspaintours.com\/wp-content\/uploads\/2025\/11\/rsz_1las_palmas_d81_5983_32295016606_2.jpg","datePublished":"2025-11-18T11:32:01+00:00","dateModified":"2026-01-13T08:59:27+00:00","breadcrumb":{"@id":"https:\/\/topspaintours.com\/es\/productos\/leyendas-de-las-palmas-cultura-naturaleza-y-encanto-costero\/#breadcrumb"},"inLanguage":"es","potentialAction":[{"@type":"ReadAction","target":["https:\/\/topspaintours.com\/es\/productos\/leyendas-de-las-palmas-cultura-naturaleza-y-encanto-costero\/"]}]},{"@type":"ImageObject","inLanguage":"es","@id":"https:\/\/topspaintours.com\/es\/productos\/leyendas-de-las-palmas-cultura-naturaleza-y-encanto-costero\/#primaryimage","url":"https:\/\/topspaintours.com\/wp-content\/uploads\/2025\/11\/rsz_1las_palmas_d81_5983_32295016606_2.jpg","contentUrl":"https:\/\/topspaintours.com\/wp-content\/uploads\/2025\/11\/rsz_1las_palmas_d81_5983_32295016606_2.jpg","width":1655,"height":1105},{"@type":"BreadcrumbList","@id":"https:\/\/topspaintours.com\/es\/productos\/leyendas-de-las-palmas-cultura-naturaleza-y-encanto-costero\/#breadcrumb","itemListElement":[{"@type":"ListItem","position":1,"name":"Portada","item":"https:\/\/topspaintours.com\/es\/"},{"@type":"ListItem","position":2,"name":"Tienda","item":"https:\/\/topspaintours.com\/tienda\/"},{"@type":"ListItem","position":3,"name":"Leyendas de Las Palmas: Cultura, Naturaleza y Encanto Costero"}]},{"@type":"WebSite","@id":"https:\/\/topspaintours.com\/es\/#website","url":"https:\/\/topspaintours.com\/es\/","name":"Top Spain Tours","description":"Tours privados y experiencias tur\u00edsticas exclusivas en Espa\u00f1a y Portugal","publisher":{"@id":"https:\/\/topspaintours.com\/es\/#organization"},"potentialAction":[{"@type":"SearchAction","target":{"@type":"EntryPoint","urlTemplate":"https:\/\/topspaintours.com\/es\/?s={search_term_string}"},"query-input":{"@type":"PropertyValueSpecification","valueRequired":true,"valueName":"search_term_string"}}],"inLanguage":"es"},{"@type":"Organization","@id":"https:\/\/topspaintours.com\/es\/#organization","name":"Top Spain Tours","url":"https:\/\/topspaintours.com\/es\/","logo":{"@type":"ImageObject","inLanguage":"es","@id":"https:\/\/topspaintours.com\/es\/#\/schema\/logo\/image\/","url":"https:\/\/topspaintours.com\/wp-content\/uploads\/2023\/12\/top-spain-logo-nuevo.png","contentUrl":"https:\/\/topspaintours.com\/wp-content\/uploads\/2023\/12\/top-spain-logo-nuevo.png","width":425,"height":455,"caption":"Top Spain Tours"},"image":{"@id":"https:\/\/topspaintours.com\/es\/#\/schema\/logo\/image\/"}}]}},"_links":{"self":[{"href":"https:\/\/topspaintours.com\/es\/wp-json\/wp\/v2\/product\/4144","targetHints":{"allow":["GET"]}}],"collection":[{"href":"https:\/\/topspaintours.com\/es\/wp-json\/wp\/v2\/product"}],"about":[{"href":"https:\/\/topspaintours.com\/es\/wp-json\/wp\/v2\/types\/product"}],"replies":[{"embeddable":true,"href":"https:\/\/topspaintours.com\/es\/wp-json\/wp\/v2\/comments?post=4144"}],"version-history":[{"count":0,"href":"https:\/\/topspaintours.com\/es\/wp-json\/wp\/v2\/product\/4144\/revisions"}],"wp:featuredmedia":[{"embeddable":true,"href":"https:\/\/topspaintours.com\/es\/wp-json\/wp\/v2\/media\/4145"}],"wp:attachment":[{"href":"https:\/\/topspaintours.com\/es\/wp-json\/wp\/v2\/media?parent=4144"}],"wp:term":[{"taxonomy":"product_brand","embeddable":true,"href":"https:\/\/topspaintours.com\/es\/wp-json\/wp\/v2\/product_brand?post=4144"},{"taxonomy":"product_cat","embeddable":true,"href":"https:\/\/topspaintours.com\/es\/wp-json\/wp\/v2\/product_cat?post=4144"},{"taxonomy":"product_tag","embeddable":true,"href":"https:\/\/topspaintours.com\/es\/wp-json\/wp\/v2\/product_tag?post=4144"},{"taxonomy":"idioma-del-tour","embeddable":true,"href":"https:\/\/topspaintours.com\/es\/wp-json\/wp\/v2\/idioma-del-tour?post=4144"}],"curies":[{"name":"wp","href":"https:\/\/api.w.org\/{rel}","templated":true}]}}