{"id":3524,"date":"2025-10-22T08:29:17","date_gmt":"2025-10-22T08:29:17","guid":{"rendered":"https:\/\/topspaintours.com\/?post_type=product&#038;p=3524"},"modified":"2026-01-13T09:05:26","modified_gmt":"2026-01-13T09:05:26","slug":"alicante-en-tuk-tuk-1-hora","status":"publish","type":"product","link":"https:\/\/topspaintours.com\/es\/productos\/alicante-en-tuk-tuk-1-hora\/","title":{"rendered":"Alicante en Tuk Tuk \u2013 1 Hora"},"content":{"rendered":"<p>Descubre la ciudad costera de Alicante con Tuk Tour.<\/p>\n<ul>\n<li>Explanada de Espa\u00f1a: el emblem\u00e1tico paseo de m\u00e1rmol de la ciudad bordeado de palmeras.<\/li>\n<li>Playa del Postiguet: disfrute de las vistas de las arenas doradas y las aguas del Mediterr\u00e1neo de Alicante.<\/li>\n<li>Castillo de Santa B\u00e1rbara (vistas panor\u00e1micas): admire la fortaleza que se eleva sobre la ciudad desde el monte Benacantil.<\/li>\n<li>Casco antiguo (El Barrio): recorra sus encantadoras calles estrechas y animadas plazas.<\/li>\n<li>Zona del puerto deportivo y del puerto: visita el animado paseo mar\u00edtimo de Alicante, con su arquitectura moderna y vistas al mar.<\/li>\n<\/ul>\n<p>Este tour en Tuk Tuk es una forma entretenida de ver los principales lugares de inter\u00e9s de Alicante en poco tiempo. Perfecto para quienes visitan por primera vez o para aquellos que desean complementar una estad\u00eda m\u00e1s larga con una experiencia panor\u00e1mica.<\/p>\n","protected":false},"excerpt":{"rendered":"<p>Descubre Alicante de una forma divertida y \u00fanica a bordo de un Tuk Tuk privado ecol\u00f3gico. En solo una hora, este recorrido panor\u00e1mico ofrece una introducci\u00f3n perfecta a la ciudad, combinando comodidad y encanto con comentarios animados de su gu\u00eda\/conductor local.<\/p>\n","protected":false},"featured_media":3525,"comment_status":"closed","ping_status":"closed","template":"","meta":[],"product_brand":[],"product_cat":[76],"product_tag":[51],"idioma-del-tour":[44,45],"class_list":{"0":"post-3524","1":"product","2":"type-product","3":"status-publish","4":"has-post-thumbnail","6":"product_cat-alicante","7":"product_tag-tours-organizados","8":"idioma-del-tour-espanol","9":"idioma-del-tour-ingles","11":"first","12":"instock","13":"sold-individually","14":"taxable","15":"shipping-taxable","16":"purchasable","17":"product-type-booking"},"yoast_head":"<!-- This site is optimized with the Yoast SEO plugin v27.0 - https:\/\/yoast.com\/product\/yoast-seo-wordpress\/ -->\n<title>Alicante en Tuk Tuk \u2013 1 Hora - Top Spain Tours<\/title>\n<meta name=\"robots\" content=\"index, follow, max-snippet:-1, max-image-preview:large, max-video-preview:-1\" \/>\n<link rel=\"canonical\" href=\"https:\/\/topspaintours.com\/es\/productos\/alicante-en-tuk-tuk-1-hora\/\" \/>\n<meta property=\"og:locale\" content=\"es_ES\" \/>\n<meta property=\"og:type\" content=\"article\" \/>\n<meta property=\"og:title\" content=\"Alicante en Tuk Tuk \u2013 1 Hora - Top Spain Tours\" \/>\n<meta property=\"og:description\" content=\"Descubre Alicante de una forma divertida y \u00fanica a bordo de un Tuk Tuk privado ecol\u00f3gico. En solo una hora, este recorrido panor\u00e1mico ofrece una introducci\u00f3n perfecta a la ciudad, combinando comodidad y encanto con comentarios animados de su gu\u00eda\/conductor local.\" \/>\n<meta property=\"og:url\" content=\"https:\/\/topspaintours.com\/es\/productos\/alicante-en-tuk-tuk-1-hora\/\" \/>\n<meta property=\"og:site_name\" content=\"Top Spain Tours\" \/>\n<meta property=\"article:modified_time\" content=\"2026-01-13T09:05:26+00:00\" \/>\n<meta property=\"og:image\" content=\"https:\/\/topspaintours.com\/wp-content\/uploads\/2025\/10\/Depositphotos_631642894_S.jpg\" \/>\n\t<meta property=\"og:image:width\" content=\"1000\" \/>\n\t<meta property=\"og:image:height\" content=\"489\" \/>\n\t<meta property=\"og:image:type\" content=\"image\/jpeg\" \/>\n<meta name=\"twitter:card\" content=\"summary_large_image\" \/>\n<meta name=\"twitter:label1\" content=\"Tiempo de lectura\" \/>\n\t<meta name=\"twitter:data1\" content=\"1 minuto\" \/>\n<script type=\"application\/ld+json\" class=\"yoast-schema-graph\">{\"@context\":\"https:\/\/schema.org\",\"@graph\":[{\"@type\":\"WebPage\",\"@id\":\"https:\/\/topspaintours.com\/es\/productos\/alicante-en-tuk-tuk-1-hora\/\",\"url\":\"https:\/\/topspaintours.com\/es\/productos\/alicante-en-tuk-tuk-1-hora\/\",\"name\":\"Alicante en Tuk Tuk \u2013 1 Hora - Top Spain Tours\",\"isPartOf\":{\"@id\":\"https:\/\/topspaintours.com\/es\/#website\"},\"primaryImageOfPage\":{\"@id\":\"https:\/\/topspaintours.com\/es\/productos\/alicante-en-tuk-tuk-1-hora\/#primaryimage\"},\"image\":{\"@id\":\"https:\/\/topspaintours.com\/es\/productos\/alicante-en-tuk-tuk-1-hora\/#primaryimage\"},\"thumbnailUrl\":\"https:\/\/topspaintours.com\/wp-content\/uploads\/2025\/10\/Depositphotos_631642894_S.jpg\",\"datePublished\":\"2025-10-22T08:29:17+00:00\",\"dateModified\":\"2026-01-13T09:05:26+00:00\",\"breadcrumb\":{\"@id\":\"https:\/\/topspaintours.com\/es\/productos\/alicante-en-tuk-tuk-1-hora\/#breadcrumb\"},\"inLanguage\":\"es\",\"potentialAction\":[{\"@type\":\"ReadAction\",\"target\":[\"https:\/\/topspaintours.com\/es\/productos\/alicante-en-tuk-tuk-1-hora\/\"]}]},{\"@type\":\"ImageObject\",\"inLanguage\":\"es\",\"@id\":\"https:\/\/topspaintours.com\/es\/productos\/alicante-en-tuk-tuk-1-hora\/#primaryimage\",\"url\":\"https:\/\/topspaintours.com\/wp-content\/uploads\/2025\/10\/Depositphotos_631642894_S.jpg\",\"contentUrl\":\"https:\/\/topspaintours.com\/wp-content\/uploads\/2025\/10\/Depositphotos_631642894_S.jpg\",\"width\":1000,\"height\":489},{\"@type\":\"BreadcrumbList\",\"@id\":\"https:\/\/topspaintours.com\/es\/productos\/alicante-en-tuk-tuk-1-hora\/#breadcrumb\",\"itemListElement\":[{\"@type\":\"ListItem\",\"position\":1,\"name\":\"Portada\",\"item\":\"https:\/\/topspaintours.com\/es\/\"},{\"@type\":\"ListItem\",\"position\":2,\"name\":\"Tienda\",\"item\":\"https:\/\/topspaintours.com\/tienda\/\"},{\"@type\":\"ListItem\",\"position\":3,\"name\":\"Alicante en Tuk Tuk \u2013 1 Hora\"}]},{\"@type\":\"WebSite\",\"@id\":\"https:\/\/topspaintours.com\/es\/#website\",\"url\":\"https:\/\/topspaintours.com\/es\/\",\"name\":\"Top Spain Tours\",\"description\":\"Tours privados y experiencias tur\u00edsticas exclusivas en Espa\u00f1a y Portugal\",\"publisher\":{\"@id\":\"https:\/\/topspaintours.com\/es\/#organization\"},\"potentialAction\":[{\"@type\":\"SearchAction\",\"target\":{\"@type\":\"EntryPoint\",\"urlTemplate\":\"https:\/\/topspaintours.com\/es\/?s={search_term_string}\"},\"query-input\":{\"@type\":\"PropertyValueSpecification\",\"valueRequired\":true,\"valueName\":\"search_term_string\"}}],\"inLanguage\":\"es\"},{\"@type\":\"Organization\",\"@id\":\"https:\/\/topspaintours.com\/es\/#organization\",\"name\":\"Top Spain Tours\",\"url\":\"https:\/\/topspaintours.com\/es\/\",\"logo\":{\"@type\":\"ImageObject\",\"inLanguage\":\"es\",\"@id\":\"https:\/\/topspaintours.com\/es\/#\/schema\/logo\/image\/\",\"url\":\"https:\/\/topspaintours.com\/wp-content\/uploads\/2023\/12\/top-spain-logo-nuevo.png\",\"contentUrl\":\"https:\/\/topspaintours.com\/wp-content\/uploads\/2023\/12\/top-spain-logo-nuevo.png\",\"width\":425,\"height\":455,\"caption\":\"Top Spain Tours\"},\"image\":{\"@id\":\"https:\/\/topspaintours.com\/es\/#\/schema\/logo\/image\/\"}}]}<\/script>\n<!-- \/ Yoast SEO plugin. -->","yoast_head_json":{"title":"Alicante en Tuk Tuk \u2013 1 Hora - Top Spain Tours","robots":{"index":"index","follow":"follow","max-snippet":"max-snippet:-1","max-image-preview":"max-image-preview:large","max-video-preview":"max-video-preview:-1"},"canonical":"https:\/\/topspaintours.com\/es\/productos\/alicante-en-tuk-tuk-1-hora\/","og_locale":"es_ES","og_type":"article","og_title":"Alicante en Tuk Tuk \u2013 1 Hora - Top Spain Tours","og_description":"Descubre Alicante de una forma divertida y \u00fanica a bordo de un Tuk Tuk privado ecol\u00f3gico. En solo una hora, este recorrido panor\u00e1mico ofrece una introducci\u00f3n perfecta a la ciudad, combinando comodidad y encanto con comentarios animados de su gu\u00eda\/conductor local.","og_url":"https:\/\/topspaintours.com\/es\/productos\/alicante-en-tuk-tuk-1-hora\/","og_site_name":"Top Spain Tours","article_modified_time":"2026-01-13T09:05:26+00:00","og_image":[{"width":1000,"height":489,"url":"https:\/\/topspaintours.com\/wp-content\/uploads\/2025\/10\/Depositphotos_631642894_S.jpg","type":"image\/jpeg"}],"twitter_card":"summary_large_image","twitter_misc":{"Tiempo de lectura":"1 minuto"},"schema":{"@context":"https:\/\/schema.org","@graph":[{"@type":"WebPage","@id":"https:\/\/topspaintours.com\/es\/productos\/alicante-en-tuk-tuk-1-hora\/","url":"https:\/\/topspaintours.com\/es\/productos\/alicante-en-tuk-tuk-1-hora\/","name":"Alicante en Tuk Tuk \u2013 1 Hora - Top Spain Tours","isPartOf":{"@id":"https:\/\/topspaintours.com\/es\/#website"},"primaryImageOfPage":{"@id":"https:\/\/topspaintours.com\/es\/productos\/alicante-en-tuk-tuk-1-hora\/#primaryimage"},"image":{"@id":"https:\/\/topspaintours.com\/es\/productos\/alicante-en-tuk-tuk-1-hora\/#primaryimage"},"thumbnailUrl":"https:\/\/topspaintours.com\/wp-content\/uploads\/2025\/10\/Depositphotos_631642894_S.jpg","datePublished":"2025-10-22T08:29:17+00:00","dateModified":"2026-01-13T09:05:26+00:00","breadcrumb":{"@id":"https:\/\/topspaintours.com\/es\/productos\/alicante-en-tuk-tuk-1-hora\/#breadcrumb"},"inLanguage":"es","potentialAction":[{"@type":"ReadAction","target":["https:\/\/topspaintours.com\/es\/productos\/alicante-en-tuk-tuk-1-hora\/"]}]},{"@type":"ImageObject","inLanguage":"es","@id":"https:\/\/topspaintours.com\/es\/productos\/alicante-en-tuk-tuk-1-hora\/#primaryimage","url":"https:\/\/topspaintours.com\/wp-content\/uploads\/2025\/10\/Depositphotos_631642894_S.jpg","contentUrl":"https:\/\/topspaintours.com\/wp-content\/uploads\/2025\/10\/Depositphotos_631642894_S.jpg","width":1000,"height":489},{"@type":"BreadcrumbList","@id":"https:\/\/topspaintours.com\/es\/productos\/alicante-en-tuk-tuk-1-hora\/#breadcrumb","itemListElement":[{"@type":"ListItem","position":1,"name":"Portada","item":"https:\/\/topspaintours.com\/es\/"},{"@type":"ListItem","position":2,"name":"Tienda","item":"https:\/\/topspaintours.com\/tienda\/"},{"@type":"ListItem","position":3,"name":"Alicante en Tuk Tuk \u2013 1 Hora"}]},{"@type":"WebSite","@id":"https:\/\/topspaintours.com\/es\/#website","url":"https:\/\/topspaintours.com\/es\/","name":"Top Spain Tours","description":"Tours privados y experiencias tur\u00edsticas exclusivas en Espa\u00f1a y Portugal","publisher":{"@id":"https:\/\/topspaintours.com\/es\/#organization"},"potentialAction":[{"@type":"SearchAction","target":{"@type":"EntryPoint","urlTemplate":"https:\/\/topspaintours.com\/es\/?s={search_term_string}"},"query-input":{"@type":"PropertyValueSpecification","valueRequired":true,"valueName":"search_term_string"}}],"inLanguage":"es"},{"@type":"Organization","@id":"https:\/\/topspaintours.com\/es\/#organization","name":"Top Spain Tours","url":"https:\/\/topspaintours.com\/es\/","logo":{"@type":"ImageObject","inLanguage":"es","@id":"https:\/\/topspaintours.com\/es\/#\/schema\/logo\/image\/","url":"https:\/\/topspaintours.com\/wp-content\/uploads\/2023\/12\/top-spain-logo-nuevo.png","contentUrl":"https:\/\/topspaintours.com\/wp-content\/uploads\/2023\/12\/top-spain-logo-nuevo.png","width":425,"height":455,"caption":"Top Spain Tours"},"image":{"@id":"https:\/\/topspaintours.com\/es\/#\/schema\/logo\/image\/"}}]}},"_links":{"self":[{"href":"https:\/\/topspaintours.com\/es\/wp-json\/wp\/v2\/product\/3524","targetHints":{"allow":["GET"]}}],"collection":[{"href":"https:\/\/topspaintours.com\/es\/wp-json\/wp\/v2\/product"}],"about":[{"href":"https:\/\/topspaintours.com\/es\/wp-json\/wp\/v2\/types\/product"}],"replies":[{"embeddable":true,"href":"https:\/\/topspaintours.com\/es\/wp-json\/wp\/v2\/comments?post=3524"}],"version-history":[{"count":0,"href":"https:\/\/topspaintours.com\/es\/wp-json\/wp\/v2\/product\/3524\/revisions"}],"wp:featuredmedia":[{"embeddable":true,"href":"https:\/\/topspaintours.com\/es\/wp-json\/wp\/v2\/media\/3525"}],"wp:attachment":[{"href":"https:\/\/topspaintours.com\/es\/wp-json\/wp\/v2\/media?parent=3524"}],"wp:term":[{"taxonomy":"product_brand","embeddable":true,"href":"https:\/\/topspaintours.com\/es\/wp-json\/wp\/v2\/product_brand?post=3524"},{"taxonomy":"product_cat","embeddable":true,"href":"https:\/\/topspaintours.com\/es\/wp-json\/wp\/v2\/product_cat?post=3524"},{"taxonomy":"product_tag","embeddable":true,"href":"https:\/\/topspaintours.com\/es\/wp-json\/wp\/v2\/product_tag?post=3524"},{"taxonomy":"idioma-del-tour","embeddable":true,"href":"https:\/\/topspaintours.com\/es\/wp-json\/wp\/v2\/idioma-del-tour?post=3524"}],"curies":[{"name":"wp","href":"https:\/\/api.w.org\/{rel}","templated":true}]}}