{"id":2277,"date":"2025-09-15T11:41:01","date_gmt":"2025-09-15T11:41:01","guid":{"rendered":"https:\/\/topspaintours.com\/?post_type=product&#038;p=2277"},"modified":"2026-01-13T09:07:54","modified_gmt":"2026-01-13T09:07:54","slug":"bocados-castizos-de-madrid-ruta-privada-de-tapas-y-tradicion-3h","status":"publish","type":"product","link":"https:\/\/topspaintours.com\/es\/productos\/bocados-castizos-de-madrid-ruta-privada-de-tapas-y-tradicion-3h\/","title":{"rendered":"Bocados Castizos de Madrid: Ruta Privada de Tapas y Tradici\u00f3n (3h)"},"content":{"rendered":"<p>Descubre Madrid y su gente a trav\u00e9s de su gastronom\u00eda y costumbres. Tu gu\u00eda gourmet, un aut\u00e9ntico apasionado de la buena mesa, te llevar\u00e1 a algunos de los mejores bares y restaurantes de la ciudad.<\/p>\n<p>Disfruta de una deliciosa experiencia en el coraz\u00f3n de Madrid mientras exploras algunos de sus rincones m\u00e1s emblem\u00e1ticos y degustas exquisitas especialidades locales. Prueba los mejores productos de cerdo ib\u00e9rico en una aut\u00e9ntica taberna tradicional, acompa\u00f1ados de una copa de vino. Observa a los maestros cortadores en acci\u00f3n, cortando el jam\u00f3n con maestr\u00eda en fin\u00edsimas lonchas.<\/p>\n<p>Despu\u00e9s, entra en una t\u00edpica taberna madrile\u00f1a, rel\u00e1jate y saborea una variedad de tapas tradicionales. Acomp\u00e1\u00f1alas con aut\u00e9ntica sangr\u00eda, cerveza, vino o un refresco, mientras tu gu\u00eda te cuenta los or\u00edgenes y secretos de preparaci\u00f3n de cada plato de la gastronom\u00eda espa\u00f1ola.<\/p>\n<p>Finaliza tu recorrido con un dulce final: un espeso chocolate caliente y churros reci\u00e9n hechos en una de las chocolater\u00edas m\u00e1s hist\u00f3ricas de Madrid, un delicioso capricho t\u00edpico espa\u00f1ol que no querr\u00e1s perderte.<\/p>\n","protected":false},"excerpt":{"rendered":"<p>Saborea Madrid como un castizo: tabernas centenarias, mesones con azulejos y la chocolater\u00eda m\u00e1s ic\u00f3nica del centro. <span style=\"font-weight: 400;\">Paseo que te sumerge en la esencia gastron\u00f3mica del centro hist\u00f3rico.<\/span><\/p>\n","protected":false},"featured_media":2283,"comment_status":"closed","ping_status":"closed","template":"","meta":[],"product_brand":[],"product_cat":[38],"product_tag":[51],"idioma-del-tour":[44,45],"class_list":{"0":"post-2277","1":"product","2":"type-product","3":"status-publish","4":"has-post-thumbnail","6":"product_cat-madrid","7":"product_tag-tours-organizados","8":"idioma-del-tour-espanol","9":"idioma-del-tour-ingles","11":"first","12":"instock","13":"sold-individually","14":"taxable","15":"shipping-taxable","16":"purchasable","17":"product-type-booking"},"yoast_head":"<!-- This site is optimized with the Yoast SEO plugin v27.0 - https:\/\/yoast.com\/product\/yoast-seo-wordpress\/ -->\n<title>Bocados Castizos de Madrid: Ruta Privada de Tapas y Tradici\u00f3n (3h) - Top Spain Tours<\/title>\n<meta name=\"robots\" content=\"index, follow, max-snippet:-1, max-image-preview:large, max-video-preview:-1\" \/>\n<link rel=\"canonical\" href=\"https:\/\/topspaintours.com\/es\/productos\/bocados-castizos-de-madrid-ruta-privada-de-tapas-y-tradicion-3h\/\" \/>\n<meta property=\"og:locale\" content=\"es_ES\" \/>\n<meta property=\"og:type\" content=\"article\" \/>\n<meta property=\"og:title\" content=\"Bocados Castizos de Madrid: Ruta Privada de Tapas y Tradici\u00f3n (3h) - Top Spain Tours\" \/>\n<meta property=\"og:description\" content=\"Saborea Madrid como un castizo: tabernas centenarias, mesones con azulejos y la chocolater\u00eda m\u00e1s ic\u00f3nica del centro. Paseo que te sumerge en la esencia gastron\u00f3mica del centro hist\u00f3rico.\" \/>\n<meta property=\"og:url\" content=\"https:\/\/topspaintours.com\/es\/productos\/bocados-castizos-de-madrid-ruta-privada-de-tapas-y-tradicion-3h\/\" \/>\n<meta property=\"og:site_name\" content=\"Top Spain Tours\" \/>\n<meta property=\"article:modified_time\" content=\"2026-01-13T09:07:54+00:00\" \/>\n<meta property=\"og:image\" content=\"https:\/\/topspaintours.com\/wp-content\/uploads\/2025\/09\/Bocados-Castizos-de-Madrid-Ruta-Privada-de-Tapas-y-Tradicion-3h.jpg\" \/>\n\t<meta property=\"og:image:width\" content=\"952\" \/>\n\t<meta property=\"og:image:height\" content=\"625\" \/>\n\t<meta property=\"og:image:type\" content=\"image\/jpeg\" \/>\n<meta name=\"twitter:card\" content=\"summary_large_image\" \/>\n<meta name=\"twitter:label1\" content=\"Tiempo de lectura\" \/>\n\t<meta name=\"twitter:data1\" content=\"1 minuto\" \/>\n<script type=\"application\/ld+json\" class=\"yoast-schema-graph\">{\"@context\":\"https:\/\/schema.org\",\"@graph\":[{\"@type\":\"WebPage\",\"@id\":\"https:\/\/topspaintours.com\/es\/productos\/bocados-castizos-de-madrid-ruta-privada-de-tapas-y-tradicion-3h\/\",\"url\":\"https:\/\/topspaintours.com\/es\/productos\/bocados-castizos-de-madrid-ruta-privada-de-tapas-y-tradicion-3h\/\",\"name\":\"Bocados Castizos de Madrid: Ruta Privada de Tapas y Tradici\u00f3n (3h) - Top Spain Tours\",\"isPartOf\":{\"@id\":\"https:\/\/topspaintours.com\/es\/#website\"},\"primaryImageOfPage\":{\"@id\":\"https:\/\/topspaintours.com\/es\/productos\/bocados-castizos-de-madrid-ruta-privada-de-tapas-y-tradicion-3h\/#primaryimage\"},\"image\":{\"@id\":\"https:\/\/topspaintours.com\/es\/productos\/bocados-castizos-de-madrid-ruta-privada-de-tapas-y-tradicion-3h\/#primaryimage\"},\"thumbnailUrl\":\"https:\/\/topspaintours.com\/wp-content\/uploads\/2025\/09\/Bocados-Castizos-de-Madrid-Ruta-Privada-de-Tapas-y-Tradicion-3h.jpg\",\"datePublished\":\"2025-09-15T11:41:01+00:00\",\"dateModified\":\"2026-01-13T09:07:54+00:00\",\"breadcrumb\":{\"@id\":\"https:\/\/topspaintours.com\/es\/productos\/bocados-castizos-de-madrid-ruta-privada-de-tapas-y-tradicion-3h\/#breadcrumb\"},\"inLanguage\":\"es\",\"potentialAction\":[{\"@type\":\"ReadAction\",\"target\":[\"https:\/\/topspaintours.com\/es\/productos\/bocados-castizos-de-madrid-ruta-privada-de-tapas-y-tradicion-3h\/\"]}]},{\"@type\":\"ImageObject\",\"inLanguage\":\"es\",\"@id\":\"https:\/\/topspaintours.com\/es\/productos\/bocados-castizos-de-madrid-ruta-privada-de-tapas-y-tradicion-3h\/#primaryimage\",\"url\":\"https:\/\/topspaintours.com\/wp-content\/uploads\/2025\/09\/Bocados-Castizos-de-Madrid-Ruta-Privada-de-Tapas-y-Tradicion-3h.jpg\",\"contentUrl\":\"https:\/\/topspaintours.com\/wp-content\/uploads\/2025\/09\/Bocados-Castizos-de-Madrid-Ruta-Privada-de-Tapas-y-Tradicion-3h.jpg\",\"width\":952,\"height\":625,\"caption\":\"Bocados Castizos de Madrid: Ruta Privada de Tapas y Tradici\u00f3n (3h)\"},{\"@type\":\"BreadcrumbList\",\"@id\":\"https:\/\/topspaintours.com\/es\/productos\/bocados-castizos-de-madrid-ruta-privada-de-tapas-y-tradicion-3h\/#breadcrumb\",\"itemListElement\":[{\"@type\":\"ListItem\",\"position\":1,\"name\":\"Portada\",\"item\":\"https:\/\/topspaintours.com\/es\/\"},{\"@type\":\"ListItem\",\"position\":2,\"name\":\"Tienda\",\"item\":\"https:\/\/topspaintours.com\/tienda\/\"},{\"@type\":\"ListItem\",\"position\":3,\"name\":\"Bocados Castizos de Madrid: Ruta Privada de Tapas y Tradici\u00f3n (3h)\"}]},{\"@type\":\"WebSite\",\"@id\":\"https:\/\/topspaintours.com\/es\/#website\",\"url\":\"https:\/\/topspaintours.com\/es\/\",\"name\":\"Top Spain Tours\",\"description\":\"Tours privados y experiencias tur\u00edsticas exclusivas en Espa\u00f1a y Portugal\",\"publisher\":{\"@id\":\"https:\/\/topspaintours.com\/es\/#organization\"},\"potentialAction\":[{\"@type\":\"SearchAction\",\"target\":{\"@type\":\"EntryPoint\",\"urlTemplate\":\"https:\/\/topspaintours.com\/es\/?s={search_term_string}\"},\"query-input\":{\"@type\":\"PropertyValueSpecification\",\"valueRequired\":true,\"valueName\":\"search_term_string\"}}],\"inLanguage\":\"es\"},{\"@type\":\"Organization\",\"@id\":\"https:\/\/topspaintours.com\/es\/#organization\",\"name\":\"Top Spain Tours\",\"url\":\"https:\/\/topspaintours.com\/es\/\",\"logo\":{\"@type\":\"ImageObject\",\"inLanguage\":\"es\",\"@id\":\"https:\/\/topspaintours.com\/es\/#\/schema\/logo\/image\/\",\"url\":\"https:\/\/topspaintours.com\/wp-content\/uploads\/2023\/12\/top-spain-logo-nuevo.png\",\"contentUrl\":\"https:\/\/topspaintours.com\/wp-content\/uploads\/2023\/12\/top-spain-logo-nuevo.png\",\"width\":425,\"height\":455,\"caption\":\"Top Spain Tours\"},\"image\":{\"@id\":\"https:\/\/topspaintours.com\/es\/#\/schema\/logo\/image\/\"}}]}<\/script>\n<!-- \/ Yoast SEO plugin. -->","yoast_head_json":{"title":"Bocados Castizos de Madrid: Ruta Privada de Tapas y Tradici\u00f3n (3h) - Top Spain Tours","robots":{"index":"index","follow":"follow","max-snippet":"max-snippet:-1","max-image-preview":"max-image-preview:large","max-video-preview":"max-video-preview:-1"},"canonical":"https:\/\/topspaintours.com\/es\/productos\/bocados-castizos-de-madrid-ruta-privada-de-tapas-y-tradicion-3h\/","og_locale":"es_ES","og_type":"article","og_title":"Bocados Castizos de Madrid: Ruta Privada de Tapas y Tradici\u00f3n (3h) - Top Spain Tours","og_description":"Saborea Madrid como un castizo: tabernas centenarias, mesones con azulejos y la chocolater\u00eda m\u00e1s ic\u00f3nica del centro. Paseo que te sumerge en la esencia gastron\u00f3mica del centro hist\u00f3rico.","og_url":"https:\/\/topspaintours.com\/es\/productos\/bocados-castizos-de-madrid-ruta-privada-de-tapas-y-tradicion-3h\/","og_site_name":"Top Spain Tours","article_modified_time":"2026-01-13T09:07:54+00:00","og_image":[{"width":952,"height":625,"url":"https:\/\/topspaintours.com\/wp-content\/uploads\/2025\/09\/Bocados-Castizos-de-Madrid-Ruta-Privada-de-Tapas-y-Tradicion-3h.jpg","type":"image\/jpeg"}],"twitter_card":"summary_large_image","twitter_misc":{"Tiempo de lectura":"1 minuto"},"schema":{"@context":"https:\/\/schema.org","@graph":[{"@type":"WebPage","@id":"https:\/\/topspaintours.com\/es\/productos\/bocados-castizos-de-madrid-ruta-privada-de-tapas-y-tradicion-3h\/","url":"https:\/\/topspaintours.com\/es\/productos\/bocados-castizos-de-madrid-ruta-privada-de-tapas-y-tradicion-3h\/","name":"Bocados Castizos de Madrid: Ruta Privada de Tapas y Tradici\u00f3n (3h) - Top Spain Tours","isPartOf":{"@id":"https:\/\/topspaintours.com\/es\/#website"},"primaryImageOfPage":{"@id":"https:\/\/topspaintours.com\/es\/productos\/bocados-castizos-de-madrid-ruta-privada-de-tapas-y-tradicion-3h\/#primaryimage"},"image":{"@id":"https:\/\/topspaintours.com\/es\/productos\/bocados-castizos-de-madrid-ruta-privada-de-tapas-y-tradicion-3h\/#primaryimage"},"thumbnailUrl":"https:\/\/topspaintours.com\/wp-content\/uploads\/2025\/09\/Bocados-Castizos-de-Madrid-Ruta-Privada-de-Tapas-y-Tradicion-3h.jpg","datePublished":"2025-09-15T11:41:01+00:00","dateModified":"2026-01-13T09:07:54+00:00","breadcrumb":{"@id":"https:\/\/topspaintours.com\/es\/productos\/bocados-castizos-de-madrid-ruta-privada-de-tapas-y-tradicion-3h\/#breadcrumb"},"inLanguage":"es","potentialAction":[{"@type":"ReadAction","target":["https:\/\/topspaintours.com\/es\/productos\/bocados-castizos-de-madrid-ruta-privada-de-tapas-y-tradicion-3h\/"]}]},{"@type":"ImageObject","inLanguage":"es","@id":"https:\/\/topspaintours.com\/es\/productos\/bocados-castizos-de-madrid-ruta-privada-de-tapas-y-tradicion-3h\/#primaryimage","url":"https:\/\/topspaintours.com\/wp-content\/uploads\/2025\/09\/Bocados-Castizos-de-Madrid-Ruta-Privada-de-Tapas-y-Tradicion-3h.jpg","contentUrl":"https:\/\/topspaintours.com\/wp-content\/uploads\/2025\/09\/Bocados-Castizos-de-Madrid-Ruta-Privada-de-Tapas-y-Tradicion-3h.jpg","width":952,"height":625,"caption":"Bocados Castizos de Madrid: Ruta Privada de Tapas y Tradici\u00f3n (3h)"},{"@type":"BreadcrumbList","@id":"https:\/\/topspaintours.com\/es\/productos\/bocados-castizos-de-madrid-ruta-privada-de-tapas-y-tradicion-3h\/#breadcrumb","itemListElement":[{"@type":"ListItem","position":1,"name":"Portada","item":"https:\/\/topspaintours.com\/es\/"},{"@type":"ListItem","position":2,"name":"Tienda","item":"https:\/\/topspaintours.com\/tienda\/"},{"@type":"ListItem","position":3,"name":"Bocados Castizos de Madrid: Ruta Privada de Tapas y Tradici\u00f3n (3h)"}]},{"@type":"WebSite","@id":"https:\/\/topspaintours.com\/es\/#website","url":"https:\/\/topspaintours.com\/es\/","name":"Top Spain Tours","description":"Tours privados y experiencias tur\u00edsticas exclusivas en Espa\u00f1a y Portugal","publisher":{"@id":"https:\/\/topspaintours.com\/es\/#organization"},"potentialAction":[{"@type":"SearchAction","target":{"@type":"EntryPoint","urlTemplate":"https:\/\/topspaintours.com\/es\/?s={search_term_string}"},"query-input":{"@type":"PropertyValueSpecification","valueRequired":true,"valueName":"search_term_string"}}],"inLanguage":"es"},{"@type":"Organization","@id":"https:\/\/topspaintours.com\/es\/#organization","name":"Top Spain Tours","url":"https:\/\/topspaintours.com\/es\/","logo":{"@type":"ImageObject","inLanguage":"es","@id":"https:\/\/topspaintours.com\/es\/#\/schema\/logo\/image\/","url":"https:\/\/topspaintours.com\/wp-content\/uploads\/2023\/12\/top-spain-logo-nuevo.png","contentUrl":"https:\/\/topspaintours.com\/wp-content\/uploads\/2023\/12\/top-spain-logo-nuevo.png","width":425,"height":455,"caption":"Top Spain Tours"},"image":{"@id":"https:\/\/topspaintours.com\/es\/#\/schema\/logo\/image\/"}}]}},"_links":{"self":[{"href":"https:\/\/topspaintours.com\/es\/wp-json\/wp\/v2\/product\/2277","targetHints":{"allow":["GET"]}}],"collection":[{"href":"https:\/\/topspaintours.com\/es\/wp-json\/wp\/v2\/product"}],"about":[{"href":"https:\/\/topspaintours.com\/es\/wp-json\/wp\/v2\/types\/product"}],"replies":[{"embeddable":true,"href":"https:\/\/topspaintours.com\/es\/wp-json\/wp\/v2\/comments?post=2277"}],"version-history":[{"count":0,"href":"https:\/\/topspaintours.com\/es\/wp-json\/wp\/v2\/product\/2277\/revisions"}],"wp:featuredmedia":[{"embeddable":true,"href":"https:\/\/topspaintours.com\/es\/wp-json\/wp\/v2\/media\/2283"}],"wp:attachment":[{"href":"https:\/\/topspaintours.com\/es\/wp-json\/wp\/v2\/media?parent=2277"}],"wp:term":[{"taxonomy":"product_brand","embeddable":true,"href":"https:\/\/topspaintours.com\/es\/wp-json\/wp\/v2\/product_brand?post=2277"},{"taxonomy":"product_cat","embeddable":true,"href":"https:\/\/topspaintours.com\/es\/wp-json\/wp\/v2\/product_cat?post=2277"},{"taxonomy":"product_tag","embeddable":true,"href":"https:\/\/topspaintours.com\/es\/wp-json\/wp\/v2\/product_tag?post=2277"},{"taxonomy":"idioma-del-tour","embeddable":true,"href":"https:\/\/topspaintours.com\/es\/wp-json\/wp\/v2\/idioma-del-tour?post=2277"}],"curies":[{"name":"wp","href":"https:\/\/api.w.org\/{rel}","templated":true}]}}