{"id":2272,"date":"2025-09-15T11:15:24","date_gmt":"2025-09-15T11:15:24","guid":{"rendered":"https:\/\/topspaintours.com\/?post_type=product&#038;p=2272"},"modified":"2026-01-13T09:08:33","modified_gmt":"2026-01-13T09:08:33","slug":"madrid-de-los-austrias-palacio-real-vip","status":"publish","type":"product","link":"https:\/\/topspaintours.com\/es\/productos\/madrid-de-los-austrias-palacio-real-vip\/","title":{"rendered":"Madrid de los Austrias &#038; Palacio Real VIP"},"content":{"rendered":"<p>Conoce por qu\u00e9 esta zona se denomina \u201cMadrid de los Austrias\u201d, heredada de la dinast\u00eda que rein\u00f3 en Espa\u00f1a hasta 1700. A lo largo del paseo, aprender\u00e1s c\u00f3mo Carlos I transform\u00f3 la ciudad con palacios y nuevas instituciones y ser\u00e1s testigo de su evoluci\u00f3n hasta convertirse en la capital del reino. Durante el recorrido, har\u00e1s una pausa en una cafeter\u00eda local para disfrutar de una bebida y del ambiente del barrio.<\/p>\n<p>A continuaci\u00f3n, dir\u00edgete al majestuoso Palacio Real: evita las colas y ad\u00e9ntrate de inmediato en sus salones. Contempla por qu\u00e9, con sus m\u00e1s de 135 000 m\u00b2, dobla en tama\u00f1o al de Buckingham. Construido en estilo barroco italiano y antigua residencia de la monarqu\u00eda desde 1766 hasta 1931, hoy alberga las recepciones oficiales de la Corona Espa\u00f1ola. Pasea por la Plaza de la Armer\u00eda, marav\u00edllate con los tapices y el mobiliario, y visita la Escalera de Honor, la Sala del Trono y el Sal\u00f3n del Banquete, mientras tu gu\u00eda revela los secretos de cada estancia.<\/p>\n<p><b>Informaci\u00f3n pr\u00e1ctica <\/b><\/p>\n<ul>\n<li style=\"font-weight: 400;\" aria-level=\"1\"><b>Nivel de dificultad f\u00edsica<\/b><span style=\"font-weight: 400;\">: Moderado<\/span><\/li>\n<li style=\"font-weight: 400;\" aria-level=\"1\"><b>Capacidad<\/b><span style=\"font-weight: 400;\">: 1 \u2013 9 personas<\/span><\/li>\n<li style=\"font-weight: 400;\" aria-level=\"1\"><b>Pol\u00edtica de cancelaci\u00f3n<\/b><span style=\"font-weight: 400;\">: Gratuita hasta 15 d\u00edas antes de la fecha del tour<\/span><\/li>\n<li style=\"font-weight: 400;\" aria-level=\"1\"><span style=\"font-weight: 400;\">Release: 8 d\u00edas antes de la fecha del tour<\/span><\/li>\n<\/ul>\n","protected":false},"excerpt":{"rendered":"<p>Sum\u00e9rgete en el casco antiguo de Madrid y descubre sus edificios m\u00e1s representativos de estilo renacentista y barroco. Conoce por qu\u00e9 esta zona se denomina \u201cMadrid de los Austrias\u201d.<\/p>\n","protected":false},"featured_media":2274,"comment_status":"closed","ping_status":"closed","template":"","meta":[],"product_brand":[],"product_cat":[38],"product_tag":[51],"idioma-del-tour":[44,45],"class_list":{"0":"post-2272","1":"product","2":"type-product","3":"status-publish","4":"has-post-thumbnail","6":"product_cat-madrid","7":"product_tag-tours-organizados","8":"idioma-del-tour-espanol","9":"idioma-del-tour-ingles","11":"first","12":"instock","13":"sold-individually","14":"taxable","15":"shipping-taxable","16":"purchasable","17":"product-type-booking"},"yoast_head":"<!-- This site is optimized with the Yoast SEO plugin v27.0 - https:\/\/yoast.com\/product\/yoast-seo-wordpress\/ -->\n<title>Madrid de los Austrias &amp; Palacio Real VIP - Top Spain Tours<\/title>\n<meta name=\"robots\" content=\"index, follow, max-snippet:-1, max-image-preview:large, max-video-preview:-1\" \/>\n<link rel=\"canonical\" href=\"https:\/\/topspaintours.com\/es\/productos\/madrid-de-los-austrias-palacio-real-vip\/\" \/>\n<meta property=\"og:locale\" content=\"es_ES\" \/>\n<meta property=\"og:type\" content=\"article\" \/>\n<meta property=\"og:title\" content=\"Madrid de los Austrias &amp; Palacio Real VIP - Top Spain Tours\" \/>\n<meta property=\"og:description\" content=\"Sum\u00e9rgete en el casco antiguo de Madrid y descubre sus edificios m\u00e1s representativos de estilo renacentista y barroco. Conoce por qu\u00e9 esta zona se denomina \u201cMadrid de los Austrias\u201d.\" \/>\n<meta property=\"og:url\" content=\"https:\/\/topspaintours.com\/es\/productos\/madrid-de-los-austrias-palacio-real-vip\/\" \/>\n<meta property=\"og:site_name\" content=\"Top Spain Tours\" \/>\n<meta property=\"article:modified_time\" content=\"2026-01-13T09:08:33+00:00\" \/>\n<meta property=\"og:image\" content=\"https:\/\/topspaintours.com\/wp-content\/uploads\/2025\/09\/Madrid-de-los-Austrias-Palacio-Real-VIP.jpg\" \/>\n\t<meta property=\"og:image:width\" content=\"952\" \/>\n\t<meta property=\"og:image:height\" content=\"625\" \/>\n\t<meta property=\"og:image:type\" content=\"image\/jpeg\" \/>\n<meta name=\"twitter:card\" content=\"summary_large_image\" \/>\n<meta name=\"twitter:label1\" content=\"Tiempo de lectura\" \/>\n\t<meta name=\"twitter:data1\" content=\"2 minutos\" \/>\n<script type=\"application\/ld+json\" class=\"yoast-schema-graph\">{\"@context\":\"https:\/\/schema.org\",\"@graph\":[{\"@type\":\"WebPage\",\"@id\":\"https:\/\/topspaintours.com\/es\/productos\/madrid-de-los-austrias-palacio-real-vip\/\",\"url\":\"https:\/\/topspaintours.com\/es\/productos\/madrid-de-los-austrias-palacio-real-vip\/\",\"name\":\"Madrid de los Austrias & Palacio Real VIP - Top Spain Tours\",\"isPartOf\":{\"@id\":\"https:\/\/topspaintours.com\/es\/#website\"},\"primaryImageOfPage\":{\"@id\":\"https:\/\/topspaintours.com\/es\/productos\/madrid-de-los-austrias-palacio-real-vip\/#primaryimage\"},\"image\":{\"@id\":\"https:\/\/topspaintours.com\/es\/productos\/madrid-de-los-austrias-palacio-real-vip\/#primaryimage\"},\"thumbnailUrl\":\"https:\/\/topspaintours.com\/wp-content\/uploads\/2025\/09\/Madrid-de-los-Austrias-Palacio-Real-VIP.jpg\",\"datePublished\":\"2025-09-15T11:15:24+00:00\",\"dateModified\":\"2026-01-13T09:08:33+00:00\",\"breadcrumb\":{\"@id\":\"https:\/\/topspaintours.com\/es\/productos\/madrid-de-los-austrias-palacio-real-vip\/#breadcrumb\"},\"inLanguage\":\"es\",\"potentialAction\":[{\"@type\":\"ReadAction\",\"target\":[\"https:\/\/topspaintours.com\/es\/productos\/madrid-de-los-austrias-palacio-real-vip\/\"]}]},{\"@type\":\"ImageObject\",\"inLanguage\":\"es\",\"@id\":\"https:\/\/topspaintours.com\/es\/productos\/madrid-de-los-austrias-palacio-real-vip\/#primaryimage\",\"url\":\"https:\/\/topspaintours.com\/wp-content\/uploads\/2025\/09\/Madrid-de-los-Austrias-Palacio-Real-VIP.jpg\",\"contentUrl\":\"https:\/\/topspaintours.com\/wp-content\/uploads\/2025\/09\/Madrid-de-los-Austrias-Palacio-Real-VIP.jpg\",\"width\":952,\"height\":625,\"caption\":\"Madrid de los Austrias & Palacio Real VIP\"},{\"@type\":\"BreadcrumbList\",\"@id\":\"https:\/\/topspaintours.com\/es\/productos\/madrid-de-los-austrias-palacio-real-vip\/#breadcrumb\",\"itemListElement\":[{\"@type\":\"ListItem\",\"position\":1,\"name\":\"Portada\",\"item\":\"https:\/\/topspaintours.com\/es\/\"},{\"@type\":\"ListItem\",\"position\":2,\"name\":\"Tienda\",\"item\":\"https:\/\/topspaintours.com\/tienda\/\"},{\"@type\":\"ListItem\",\"position\":3,\"name\":\"Madrid de los Austrias &#038; Palacio Real VIP\"}]},{\"@type\":\"WebSite\",\"@id\":\"https:\/\/topspaintours.com\/es\/#website\",\"url\":\"https:\/\/topspaintours.com\/es\/\",\"name\":\"Top Spain Tours\",\"description\":\"Tours privados y experiencias tur\u00edsticas exclusivas en Espa\u00f1a y Portugal\",\"publisher\":{\"@id\":\"https:\/\/topspaintours.com\/es\/#organization\"},\"potentialAction\":[{\"@type\":\"SearchAction\",\"target\":{\"@type\":\"EntryPoint\",\"urlTemplate\":\"https:\/\/topspaintours.com\/es\/?s={search_term_string}\"},\"query-input\":{\"@type\":\"PropertyValueSpecification\",\"valueRequired\":true,\"valueName\":\"search_term_string\"}}],\"inLanguage\":\"es\"},{\"@type\":\"Organization\",\"@id\":\"https:\/\/topspaintours.com\/es\/#organization\",\"name\":\"Top Spain Tours\",\"url\":\"https:\/\/topspaintours.com\/es\/\",\"logo\":{\"@type\":\"ImageObject\",\"inLanguage\":\"es\",\"@id\":\"https:\/\/topspaintours.com\/es\/#\/schema\/logo\/image\/\",\"url\":\"https:\/\/topspaintours.com\/wp-content\/uploads\/2023\/12\/top-spain-logo-nuevo.png\",\"contentUrl\":\"https:\/\/topspaintours.com\/wp-content\/uploads\/2023\/12\/top-spain-logo-nuevo.png\",\"width\":425,\"height\":455,\"caption\":\"Top Spain Tours\"},\"image\":{\"@id\":\"https:\/\/topspaintours.com\/es\/#\/schema\/logo\/image\/\"}}]}<\/script>\n<!-- \/ Yoast SEO plugin. -->","yoast_head_json":{"title":"Madrid de los Austrias & Palacio Real VIP - Top Spain Tours","robots":{"index":"index","follow":"follow","max-snippet":"max-snippet:-1","max-image-preview":"max-image-preview:large","max-video-preview":"max-video-preview:-1"},"canonical":"https:\/\/topspaintours.com\/es\/productos\/madrid-de-los-austrias-palacio-real-vip\/","og_locale":"es_ES","og_type":"article","og_title":"Madrid de los Austrias & Palacio Real VIP - Top Spain Tours","og_description":"Sum\u00e9rgete en el casco antiguo de Madrid y descubre sus edificios m\u00e1s representativos de estilo renacentista y barroco. Conoce por qu\u00e9 esta zona se denomina \u201cMadrid de los Austrias\u201d.","og_url":"https:\/\/topspaintours.com\/es\/productos\/madrid-de-los-austrias-palacio-real-vip\/","og_site_name":"Top Spain Tours","article_modified_time":"2026-01-13T09:08:33+00:00","og_image":[{"width":952,"height":625,"url":"https:\/\/topspaintours.com\/wp-content\/uploads\/2025\/09\/Madrid-de-los-Austrias-Palacio-Real-VIP.jpg","type":"image\/jpeg"}],"twitter_card":"summary_large_image","twitter_misc":{"Tiempo de lectura":"2 minutos"},"schema":{"@context":"https:\/\/schema.org","@graph":[{"@type":"WebPage","@id":"https:\/\/topspaintours.com\/es\/productos\/madrid-de-los-austrias-palacio-real-vip\/","url":"https:\/\/topspaintours.com\/es\/productos\/madrid-de-los-austrias-palacio-real-vip\/","name":"Madrid de los Austrias & Palacio Real VIP - Top Spain Tours","isPartOf":{"@id":"https:\/\/topspaintours.com\/es\/#website"},"primaryImageOfPage":{"@id":"https:\/\/topspaintours.com\/es\/productos\/madrid-de-los-austrias-palacio-real-vip\/#primaryimage"},"image":{"@id":"https:\/\/topspaintours.com\/es\/productos\/madrid-de-los-austrias-palacio-real-vip\/#primaryimage"},"thumbnailUrl":"https:\/\/topspaintours.com\/wp-content\/uploads\/2025\/09\/Madrid-de-los-Austrias-Palacio-Real-VIP.jpg","datePublished":"2025-09-15T11:15:24+00:00","dateModified":"2026-01-13T09:08:33+00:00","breadcrumb":{"@id":"https:\/\/topspaintours.com\/es\/productos\/madrid-de-los-austrias-palacio-real-vip\/#breadcrumb"},"inLanguage":"es","potentialAction":[{"@type":"ReadAction","target":["https:\/\/topspaintours.com\/es\/productos\/madrid-de-los-austrias-palacio-real-vip\/"]}]},{"@type":"ImageObject","inLanguage":"es","@id":"https:\/\/topspaintours.com\/es\/productos\/madrid-de-los-austrias-palacio-real-vip\/#primaryimage","url":"https:\/\/topspaintours.com\/wp-content\/uploads\/2025\/09\/Madrid-de-los-Austrias-Palacio-Real-VIP.jpg","contentUrl":"https:\/\/topspaintours.com\/wp-content\/uploads\/2025\/09\/Madrid-de-los-Austrias-Palacio-Real-VIP.jpg","width":952,"height":625,"caption":"Madrid de los Austrias & Palacio Real VIP"},{"@type":"BreadcrumbList","@id":"https:\/\/topspaintours.com\/es\/productos\/madrid-de-los-austrias-palacio-real-vip\/#breadcrumb","itemListElement":[{"@type":"ListItem","position":1,"name":"Portada","item":"https:\/\/topspaintours.com\/es\/"},{"@type":"ListItem","position":2,"name":"Tienda","item":"https:\/\/topspaintours.com\/tienda\/"},{"@type":"ListItem","position":3,"name":"Madrid de los Austrias &#038; Palacio Real VIP"}]},{"@type":"WebSite","@id":"https:\/\/topspaintours.com\/es\/#website","url":"https:\/\/topspaintours.com\/es\/","name":"Top Spain Tours","description":"Tours privados y experiencias tur\u00edsticas exclusivas en Espa\u00f1a y Portugal","publisher":{"@id":"https:\/\/topspaintours.com\/es\/#organization"},"potentialAction":[{"@type":"SearchAction","target":{"@type":"EntryPoint","urlTemplate":"https:\/\/topspaintours.com\/es\/?s={search_term_string}"},"query-input":{"@type":"PropertyValueSpecification","valueRequired":true,"valueName":"search_term_string"}}],"inLanguage":"es"},{"@type":"Organization","@id":"https:\/\/topspaintours.com\/es\/#organization","name":"Top Spain Tours","url":"https:\/\/topspaintours.com\/es\/","logo":{"@type":"ImageObject","inLanguage":"es","@id":"https:\/\/topspaintours.com\/es\/#\/schema\/logo\/image\/","url":"https:\/\/topspaintours.com\/wp-content\/uploads\/2023\/12\/top-spain-logo-nuevo.png","contentUrl":"https:\/\/topspaintours.com\/wp-content\/uploads\/2023\/12\/top-spain-logo-nuevo.png","width":425,"height":455,"caption":"Top Spain Tours"},"image":{"@id":"https:\/\/topspaintours.com\/es\/#\/schema\/logo\/image\/"}}]}},"_links":{"self":[{"href":"https:\/\/topspaintours.com\/es\/wp-json\/wp\/v2\/product\/2272","targetHints":{"allow":["GET"]}}],"collection":[{"href":"https:\/\/topspaintours.com\/es\/wp-json\/wp\/v2\/product"}],"about":[{"href":"https:\/\/topspaintours.com\/es\/wp-json\/wp\/v2\/types\/product"}],"replies":[{"embeddable":true,"href":"https:\/\/topspaintours.com\/es\/wp-json\/wp\/v2\/comments?post=2272"}],"version-history":[{"count":0,"href":"https:\/\/topspaintours.com\/es\/wp-json\/wp\/v2\/product\/2272\/revisions"}],"wp:featuredmedia":[{"embeddable":true,"href":"https:\/\/topspaintours.com\/es\/wp-json\/wp\/v2\/media\/2274"}],"wp:attachment":[{"href":"https:\/\/topspaintours.com\/es\/wp-json\/wp\/v2\/media?parent=2272"}],"wp:term":[{"taxonomy":"product_brand","embeddable":true,"href":"https:\/\/topspaintours.com\/es\/wp-json\/wp\/v2\/product_brand?post=2272"},{"taxonomy":"product_cat","embeddable":true,"href":"https:\/\/topspaintours.com\/es\/wp-json\/wp\/v2\/product_cat?post=2272"},{"taxonomy":"product_tag","embeddable":true,"href":"https:\/\/topspaintours.com\/es\/wp-json\/wp\/v2\/product_tag?post=2272"},{"taxonomy":"idioma-del-tour","embeddable":true,"href":"https:\/\/topspaintours.com\/es\/wp-json\/wp\/v2\/idioma-del-tour?post=2272"}],"curies":[{"name":"wp","href":"https:\/\/api.w.org\/{rel}","templated":true}]}}