{"id":2267,"date":"2025-09-15T11:06:11","date_gmt":"2025-09-15T11:06:11","guid":{"rendered":"https:\/\/topspaintours.com\/?post_type=product&#038;p=2267"},"modified":"2026-01-13T09:08:12","modified_gmt":"2026-01-13T09:08:12","slug":"madrid-esencial-y-prado-vip","status":"publish","type":"product","link":"https:\/\/topspaintours.com\/es\/productos\/madrid-esencial-y-prado-vip\/","title":{"rendered":"Madrid Esencial y Prado VIP"},"content":{"rendered":"<p><span style=\"font-weight: 400;\">Acceso sin colas al Museo del Prado con gu\u00eda oficial, donde descubrir\u00e1s las obras maestras de El Bosco, El Greco, Vel\u00e1zquez, Goya y Rubens. Gu\u00eda local experto, transporte privado y recogida\/devoluci\u00f3n en tu hotel o apartamento.\u00a0<\/span><\/p>\n<p><span style=\"font-weight: 400;\">Ad\u00e9ntrate en el coraz\u00f3n de Madrid dando un paseo de una hora por sus plazas m\u00e1s emblem\u00e1ticas. Desde Plaza de la Villa hasta la majestuosa Plaza Mayor, pasando por la emblem\u00e1tica Puerta del Sol y la elegante Plaza de Oriente, vivir\u00e1s la historia viva de la ciudad.<\/span><\/p>\n<p><span style=\"font-weight: 400;\">A bordo de nuestro veh\u00edculo privado, continuar\u00e1s con un recorrido panor\u00e1mico por la Puerta de Toledo y la ribera del Manzanares, con vistas impresionantes del Palacio Real y la Almudena. Disfruta de la grandiosidad de la Fuente de Cibeles y de la Puerta de Alcal\u00e1 antes de contemplar la modernidad del Paseo de la Castellana y el estandarte deportivo del Santiago Bernab\u00e9u.\u00a0<\/span><\/p>\n<p><span style=\"font-weight: 400;\">Finalmente, el colof\u00f3n de la experiencia: acceso sin colas al Museo del Prado. D\u00e9jate guiar por un experto que har\u00e1 emerger los secretos de cada pincelada y la historia que alberga cada sala de esta pinacoteca de renombre mundial.\u00a0<\/span><\/p>\n","protected":false},"excerpt":{"rendered":"<p><span style=\"font-weight: 400;\">Recorrido a pie por el centro hist\u00f3rico de Madrid, paseando por Plaza de la Villa, Plaza Mayor, Puerta del Sol y Plaza de Oriente. Vistas del Palacio Real, la Catedral de la Almudena, Puerta de Toledo, la Fuente de Cibeles, la Puerta de Alcal\u00e1 y el estadio Santiago Bernab\u00e9u. <\/span><\/p>\n","protected":false},"featured_media":2270,"comment_status":"closed","ping_status":"closed","template":"","meta":[],"product_brand":[],"product_cat":[38],"product_tag":[51],"idioma-del-tour":[44,45],"class_list":{"0":"post-2267","1":"product","2":"type-product","3":"status-publish","4":"has-post-thumbnail","6":"product_cat-madrid","7":"product_tag-tours-organizados","8":"idioma-del-tour-espanol","9":"idioma-del-tour-ingles","11":"first","12":"instock","13":"sold-individually","14":"taxable","15":"shipping-taxable","16":"purchasable","17":"product-type-booking"},"yoast_head":"<!-- This site is optimized with the Yoast SEO plugin v27.0 - https:\/\/yoast.com\/product\/yoast-seo-wordpress\/ -->\n<title>Madrid Esencial y Prado VIP - Top Spain Tours<\/title>\n<meta name=\"robots\" content=\"index, follow, max-snippet:-1, max-image-preview:large, max-video-preview:-1\" \/>\n<link rel=\"canonical\" href=\"https:\/\/topspaintours.com\/es\/productos\/madrid-esencial-y-prado-vip\/\" \/>\n<meta property=\"og:locale\" content=\"es_ES\" \/>\n<meta property=\"og:type\" content=\"article\" \/>\n<meta property=\"og:title\" content=\"Madrid Esencial y Prado VIP - Top Spain Tours\" \/>\n<meta property=\"og:description\" content=\"Recorrido a pie por el centro hist\u00f3rico de Madrid, paseando por Plaza de la Villa, Plaza Mayor, Puerta del Sol y Plaza de Oriente. Vistas del Palacio Real, la Catedral de la Almudena, Puerta de Toledo, la Fuente de Cibeles, la Puerta de Alcal\u00e1 y el estadio Santiago Bernab\u00e9u.\" \/>\n<meta property=\"og:url\" content=\"https:\/\/topspaintours.com\/es\/productos\/madrid-esencial-y-prado-vip\/\" \/>\n<meta property=\"og:site_name\" content=\"Top Spain Tours\" \/>\n<meta property=\"article:modified_time\" content=\"2026-01-13T09:08:12+00:00\" \/>\n<meta property=\"og:image\" content=\"https:\/\/topspaintours.com\/wp-content\/uploads\/2025\/09\/Madrid-Esencial-y-Prado-VIP.jpg\" \/>\n\t<meta property=\"og:image:width\" content=\"952\" \/>\n\t<meta property=\"og:image:height\" content=\"625\" \/>\n\t<meta property=\"og:image:type\" content=\"image\/jpeg\" \/>\n<meta name=\"twitter:card\" content=\"summary_large_image\" \/>\n<meta name=\"twitter:label1\" content=\"Tiempo de lectura\" \/>\n\t<meta name=\"twitter:data1\" content=\"2 minutos\" \/>\n<script type=\"application\/ld+json\" class=\"yoast-schema-graph\">{\"@context\":\"https:\/\/schema.org\",\"@graph\":[{\"@type\":\"WebPage\",\"@id\":\"https:\/\/topspaintours.com\/es\/productos\/madrid-esencial-y-prado-vip\/\",\"url\":\"https:\/\/topspaintours.com\/es\/productos\/madrid-esencial-y-prado-vip\/\",\"name\":\"Madrid Esencial y Prado VIP - Top Spain Tours\",\"isPartOf\":{\"@id\":\"https:\/\/topspaintours.com\/es\/#website\"},\"primaryImageOfPage\":{\"@id\":\"https:\/\/topspaintours.com\/es\/productos\/madrid-esencial-y-prado-vip\/#primaryimage\"},\"image\":{\"@id\":\"https:\/\/topspaintours.com\/es\/productos\/madrid-esencial-y-prado-vip\/#primaryimage\"},\"thumbnailUrl\":\"https:\/\/topspaintours.com\/wp-content\/uploads\/2025\/09\/Madrid-Esencial-y-Prado-VIP.jpg\",\"datePublished\":\"2025-09-15T11:06:11+00:00\",\"dateModified\":\"2026-01-13T09:08:12+00:00\",\"breadcrumb\":{\"@id\":\"https:\/\/topspaintours.com\/es\/productos\/madrid-esencial-y-prado-vip\/#breadcrumb\"},\"inLanguage\":\"es\",\"potentialAction\":[{\"@type\":\"ReadAction\",\"target\":[\"https:\/\/topspaintours.com\/es\/productos\/madrid-esencial-y-prado-vip\/\"]}]},{\"@type\":\"ImageObject\",\"inLanguage\":\"es\",\"@id\":\"https:\/\/topspaintours.com\/es\/productos\/madrid-esencial-y-prado-vip\/#primaryimage\",\"url\":\"https:\/\/topspaintours.com\/wp-content\/uploads\/2025\/09\/Madrid-Esencial-y-Prado-VIP.jpg\",\"contentUrl\":\"https:\/\/topspaintours.com\/wp-content\/uploads\/2025\/09\/Madrid-Esencial-y-Prado-VIP.jpg\",\"width\":952,\"height\":625,\"caption\":\"Madrid Esencial y Prado VIP\"},{\"@type\":\"BreadcrumbList\",\"@id\":\"https:\/\/topspaintours.com\/es\/productos\/madrid-esencial-y-prado-vip\/#breadcrumb\",\"itemListElement\":[{\"@type\":\"ListItem\",\"position\":1,\"name\":\"Portada\",\"item\":\"https:\/\/topspaintours.com\/es\/\"},{\"@type\":\"ListItem\",\"position\":2,\"name\":\"Tienda\",\"item\":\"https:\/\/topspaintours.com\/tienda\/\"},{\"@type\":\"ListItem\",\"position\":3,\"name\":\"Madrid Esencial y Prado VIP\"}]},{\"@type\":\"WebSite\",\"@id\":\"https:\/\/topspaintours.com\/es\/#website\",\"url\":\"https:\/\/topspaintours.com\/es\/\",\"name\":\"Top Spain Tours\",\"description\":\"Tours privados y experiencias tur\u00edsticas exclusivas en Espa\u00f1a y Portugal\",\"publisher\":{\"@id\":\"https:\/\/topspaintours.com\/es\/#organization\"},\"potentialAction\":[{\"@type\":\"SearchAction\",\"target\":{\"@type\":\"EntryPoint\",\"urlTemplate\":\"https:\/\/topspaintours.com\/es\/?s={search_term_string}\"},\"query-input\":{\"@type\":\"PropertyValueSpecification\",\"valueRequired\":true,\"valueName\":\"search_term_string\"}}],\"inLanguage\":\"es\"},{\"@type\":\"Organization\",\"@id\":\"https:\/\/topspaintours.com\/es\/#organization\",\"name\":\"Top Spain Tours\",\"url\":\"https:\/\/topspaintours.com\/es\/\",\"logo\":{\"@type\":\"ImageObject\",\"inLanguage\":\"es\",\"@id\":\"https:\/\/topspaintours.com\/es\/#\/schema\/logo\/image\/\",\"url\":\"https:\/\/topspaintours.com\/wp-content\/uploads\/2023\/12\/top-spain-logo-nuevo.png\",\"contentUrl\":\"https:\/\/topspaintours.com\/wp-content\/uploads\/2023\/12\/top-spain-logo-nuevo.png\",\"width\":425,\"height\":455,\"caption\":\"Top Spain Tours\"},\"image\":{\"@id\":\"https:\/\/topspaintours.com\/es\/#\/schema\/logo\/image\/\"}}]}<\/script>\n<!-- \/ Yoast SEO plugin. -->","yoast_head_json":{"title":"Madrid Esencial y Prado VIP - Top Spain Tours","robots":{"index":"index","follow":"follow","max-snippet":"max-snippet:-1","max-image-preview":"max-image-preview:large","max-video-preview":"max-video-preview:-1"},"canonical":"https:\/\/topspaintours.com\/es\/productos\/madrid-esencial-y-prado-vip\/","og_locale":"es_ES","og_type":"article","og_title":"Madrid Esencial y Prado VIP - Top Spain Tours","og_description":"Recorrido a pie por el centro hist\u00f3rico de Madrid, paseando por Plaza de la Villa, Plaza Mayor, Puerta del Sol y Plaza de Oriente. Vistas del Palacio Real, la Catedral de la Almudena, Puerta de Toledo, la Fuente de Cibeles, la Puerta de Alcal\u00e1 y el estadio Santiago Bernab\u00e9u.","og_url":"https:\/\/topspaintours.com\/es\/productos\/madrid-esencial-y-prado-vip\/","og_site_name":"Top Spain Tours","article_modified_time":"2026-01-13T09:08:12+00:00","og_image":[{"width":952,"height":625,"url":"https:\/\/topspaintours.com\/wp-content\/uploads\/2025\/09\/Madrid-Esencial-y-Prado-VIP.jpg","type":"image\/jpeg"}],"twitter_card":"summary_large_image","twitter_misc":{"Tiempo de lectura":"2 minutos"},"schema":{"@context":"https:\/\/schema.org","@graph":[{"@type":"WebPage","@id":"https:\/\/topspaintours.com\/es\/productos\/madrid-esencial-y-prado-vip\/","url":"https:\/\/topspaintours.com\/es\/productos\/madrid-esencial-y-prado-vip\/","name":"Madrid Esencial y Prado VIP - Top Spain Tours","isPartOf":{"@id":"https:\/\/topspaintours.com\/es\/#website"},"primaryImageOfPage":{"@id":"https:\/\/topspaintours.com\/es\/productos\/madrid-esencial-y-prado-vip\/#primaryimage"},"image":{"@id":"https:\/\/topspaintours.com\/es\/productos\/madrid-esencial-y-prado-vip\/#primaryimage"},"thumbnailUrl":"https:\/\/topspaintours.com\/wp-content\/uploads\/2025\/09\/Madrid-Esencial-y-Prado-VIP.jpg","datePublished":"2025-09-15T11:06:11+00:00","dateModified":"2026-01-13T09:08:12+00:00","breadcrumb":{"@id":"https:\/\/topspaintours.com\/es\/productos\/madrid-esencial-y-prado-vip\/#breadcrumb"},"inLanguage":"es","potentialAction":[{"@type":"ReadAction","target":["https:\/\/topspaintours.com\/es\/productos\/madrid-esencial-y-prado-vip\/"]}]},{"@type":"ImageObject","inLanguage":"es","@id":"https:\/\/topspaintours.com\/es\/productos\/madrid-esencial-y-prado-vip\/#primaryimage","url":"https:\/\/topspaintours.com\/wp-content\/uploads\/2025\/09\/Madrid-Esencial-y-Prado-VIP.jpg","contentUrl":"https:\/\/topspaintours.com\/wp-content\/uploads\/2025\/09\/Madrid-Esencial-y-Prado-VIP.jpg","width":952,"height":625,"caption":"Madrid Esencial y Prado VIP"},{"@type":"BreadcrumbList","@id":"https:\/\/topspaintours.com\/es\/productos\/madrid-esencial-y-prado-vip\/#breadcrumb","itemListElement":[{"@type":"ListItem","position":1,"name":"Portada","item":"https:\/\/topspaintours.com\/es\/"},{"@type":"ListItem","position":2,"name":"Tienda","item":"https:\/\/topspaintours.com\/tienda\/"},{"@type":"ListItem","position":3,"name":"Madrid Esencial y Prado VIP"}]},{"@type":"WebSite","@id":"https:\/\/topspaintours.com\/es\/#website","url":"https:\/\/topspaintours.com\/es\/","name":"Top Spain Tours","description":"Tours privados y experiencias tur\u00edsticas exclusivas en Espa\u00f1a y Portugal","publisher":{"@id":"https:\/\/topspaintours.com\/es\/#organization"},"potentialAction":[{"@type":"SearchAction","target":{"@type":"EntryPoint","urlTemplate":"https:\/\/topspaintours.com\/es\/?s={search_term_string}"},"query-input":{"@type":"PropertyValueSpecification","valueRequired":true,"valueName":"search_term_string"}}],"inLanguage":"es"},{"@type":"Organization","@id":"https:\/\/topspaintours.com\/es\/#organization","name":"Top Spain Tours","url":"https:\/\/topspaintours.com\/es\/","logo":{"@type":"ImageObject","inLanguage":"es","@id":"https:\/\/topspaintours.com\/es\/#\/schema\/logo\/image\/","url":"https:\/\/topspaintours.com\/wp-content\/uploads\/2023\/12\/top-spain-logo-nuevo.png","contentUrl":"https:\/\/topspaintours.com\/wp-content\/uploads\/2023\/12\/top-spain-logo-nuevo.png","width":425,"height":455,"caption":"Top Spain Tours"},"image":{"@id":"https:\/\/topspaintours.com\/es\/#\/schema\/logo\/image\/"}}]}},"_links":{"self":[{"href":"https:\/\/topspaintours.com\/es\/wp-json\/wp\/v2\/product\/2267","targetHints":{"allow":["GET"]}}],"collection":[{"href":"https:\/\/topspaintours.com\/es\/wp-json\/wp\/v2\/product"}],"about":[{"href":"https:\/\/topspaintours.com\/es\/wp-json\/wp\/v2\/types\/product"}],"replies":[{"embeddable":true,"href":"https:\/\/topspaintours.com\/es\/wp-json\/wp\/v2\/comments?post=2267"}],"version-history":[{"count":0,"href":"https:\/\/topspaintours.com\/es\/wp-json\/wp\/v2\/product\/2267\/revisions"}],"wp:featuredmedia":[{"embeddable":true,"href":"https:\/\/topspaintours.com\/es\/wp-json\/wp\/v2\/media\/2270"}],"wp:attachment":[{"href":"https:\/\/topspaintours.com\/es\/wp-json\/wp\/v2\/media?parent=2267"}],"wp:term":[{"taxonomy":"product_brand","embeddable":true,"href":"https:\/\/topspaintours.com\/es\/wp-json\/wp\/v2\/product_brand?post=2267"},{"taxonomy":"product_cat","embeddable":true,"href":"https:\/\/topspaintours.com\/es\/wp-json\/wp\/v2\/product_cat?post=2267"},{"taxonomy":"product_tag","embeddable":true,"href":"https:\/\/topspaintours.com\/es\/wp-json\/wp\/v2\/product_tag?post=2267"},{"taxonomy":"idioma-del-tour","embeddable":true,"href":"https:\/\/topspaintours.com\/es\/wp-json\/wp\/v2\/idioma-del-tour?post=2267"}],"curies":[{"name":"wp","href":"https:\/\/api.w.org\/{rel}","templated":true}]}}