{"id":2186,"date":"2025-09-12T12:38:25","date_gmt":"2025-09-12T12:38:25","guid":{"rendered":"https:\/\/topspaintours.com\/?post_type=product&#038;p=2186"},"modified":"2026-01-13T09:12:27","modified_gmt":"2026-01-13T09:12:27","slug":"private-car-guide-cartagena-4h","status":"publish","type":"product","link":"https:\/\/topspaintours.com\/es\/productos\/private-car-guide-cartagena-4h\/","title":{"rendered":"Coche Privado &#038; Gu\u00eda Cartagena (4 horas)"},"content":{"rendered":"<p><span style=\"font-weight: 400;\">Explora Cartagena a tu ritmo con un gu\u00eda local experto, en un tour privado que combina historia, cultura y paisajes inolvidables. Comienza con un recorrido panor\u00e1mico en transporte privado siguiendo el trazado de las antiguas murallas del siglo XVIII, mientras descubres los m\u00e1s de 2.000 a\u00f1os de historia de este emblem\u00e1tico puerto mediterr\u00e1neo. Visita restos arqueol\u00f3gicos que te conectan con el pasado cartagin\u00e9s de la ciudad y disfruta de un paseo tranquilo por la calle Mayor, rodeada de elegantes edificios modernistas. Para terminar, contempla las mejores vistas desde el punto m\u00e1s alto de Cartagena.\u00a0<\/span><\/p>\n","protected":false},"excerpt":{"rendered":"<p>Tour privado para hasta 2 personas. Los tiempos y el orden de las visitas pueden ajustarse seg\u00fan el tr\u00e1fico o tus preferencias.<\/p>\n","protected":false},"featured_media":2187,"comment_status":"closed","ping_status":"closed","template":"","meta":[],"product_brand":[],"product_cat":[36],"product_tag":[50],"idioma-del-tour":[44,45],"class_list":{"0":"post-2186","1":"product","2":"type-product","3":"status-publish","4":"has-post-thumbnail","6":"product_cat-cartagena","7":"product_tag-coche-guia","8":"idioma-del-tour-espanol","9":"idioma-del-tour-ingles","11":"first","12":"instock","13":"sold-individually","14":"taxable","15":"shipping-taxable","16":"purchasable","17":"product-type-booking"},"yoast_head":"<!-- This site is optimized with the Yoast SEO plugin v27.0 - https:\/\/yoast.com\/product\/yoast-seo-wordpress\/ -->\n<title>Coche Privado &amp; Gu\u00eda Cartagena (4 horas) - Top Spain Tours<\/title>\n<meta name=\"robots\" content=\"index, follow, max-snippet:-1, max-image-preview:large, max-video-preview:-1\" \/>\n<link rel=\"canonical\" href=\"https:\/\/topspaintours.com\/es\/productos\/private-car-guide-cartagena-4h\/\" \/>\n<meta property=\"og:locale\" content=\"es_ES\" \/>\n<meta property=\"og:type\" content=\"article\" \/>\n<meta property=\"og:title\" content=\"Coche Privado &amp; Gu\u00eda Cartagena (4 horas) - Top Spain Tours\" \/>\n<meta property=\"og:description\" content=\"Tour privado para hasta 2 personas. Los tiempos y el orden de las visitas pueden ajustarse seg\u00fan el tr\u00e1fico o tus preferencias.\" \/>\n<meta property=\"og:url\" content=\"https:\/\/topspaintours.com\/es\/productos\/private-car-guide-cartagena-4h\/\" \/>\n<meta property=\"og:site_name\" content=\"Top Spain Tours\" \/>\n<meta property=\"article:modified_time\" content=\"2026-01-13T09:12:27+00:00\" \/>\n<meta property=\"og:image\" content=\"https:\/\/topspaintours.com\/wp-content\/uploads\/2025\/09\/Private-Car-Guide-Cartagena-4h.jpg\" \/>\n\t<meta property=\"og:image:width\" content=\"952\" \/>\n\t<meta property=\"og:image:height\" content=\"625\" \/>\n\t<meta property=\"og:image:type\" content=\"image\/jpeg\" \/>\n<meta name=\"twitter:card\" content=\"summary_large_image\" \/>\n<meta name=\"twitter:label1\" content=\"Tiempo de lectura\" \/>\n\t<meta name=\"twitter:data1\" content=\"1 minuto\" \/>\n<script type=\"application\/ld+json\" class=\"yoast-schema-graph\">{\"@context\":\"https:\/\/schema.org\",\"@graph\":[{\"@type\":\"WebPage\",\"@id\":\"https:\/\/topspaintours.com\/es\/productos\/private-car-guide-cartagena-4h\/\",\"url\":\"https:\/\/topspaintours.com\/es\/productos\/private-car-guide-cartagena-4h\/\",\"name\":\"Coche Privado & Gu\u00eda Cartagena (4 horas) - Top Spain Tours\",\"isPartOf\":{\"@id\":\"https:\/\/topspaintours.com\/es\/#website\"},\"primaryImageOfPage\":{\"@id\":\"https:\/\/topspaintours.com\/es\/productos\/private-car-guide-cartagena-4h\/#primaryimage\"},\"image\":{\"@id\":\"https:\/\/topspaintours.com\/es\/productos\/private-car-guide-cartagena-4h\/#primaryimage\"},\"thumbnailUrl\":\"https:\/\/topspaintours.com\/wp-content\/uploads\/2025\/09\/Private-Car-Guide-Cartagena-4h.jpg\",\"datePublished\":\"2025-09-12T12:38:25+00:00\",\"dateModified\":\"2026-01-13T09:12:27+00:00\",\"breadcrumb\":{\"@id\":\"https:\/\/topspaintours.com\/es\/productos\/private-car-guide-cartagena-4h\/#breadcrumb\"},\"inLanguage\":\"es\",\"potentialAction\":[{\"@type\":\"ReadAction\",\"target\":[\"https:\/\/topspaintours.com\/es\/productos\/private-car-guide-cartagena-4h\/\"]}]},{\"@type\":\"ImageObject\",\"inLanguage\":\"es\",\"@id\":\"https:\/\/topspaintours.com\/es\/productos\/private-car-guide-cartagena-4h\/#primaryimage\",\"url\":\"https:\/\/topspaintours.com\/wp-content\/uploads\/2025\/09\/Private-Car-Guide-Cartagena-4h.jpg\",\"contentUrl\":\"https:\/\/topspaintours.com\/wp-content\/uploads\/2025\/09\/Private-Car-Guide-Cartagena-4h.jpg\",\"width\":952,\"height\":625,\"caption\":\"Private Car & Guide Cartagena 4h\"},{\"@type\":\"BreadcrumbList\",\"@id\":\"https:\/\/topspaintours.com\/es\/productos\/private-car-guide-cartagena-4h\/#breadcrumb\",\"itemListElement\":[{\"@type\":\"ListItem\",\"position\":1,\"name\":\"Portada\",\"item\":\"https:\/\/topspaintours.com\/es\/\"},{\"@type\":\"ListItem\",\"position\":2,\"name\":\"Tienda\",\"item\":\"https:\/\/topspaintours.com\/tienda\/\"},{\"@type\":\"ListItem\",\"position\":3,\"name\":\"Coche Privado &#038; Gu\u00eda Cartagena (4 horas)\"}]},{\"@type\":\"WebSite\",\"@id\":\"https:\/\/topspaintours.com\/es\/#website\",\"url\":\"https:\/\/topspaintours.com\/es\/\",\"name\":\"Top Spain Tours\",\"description\":\"Tours privados y experiencias tur\u00edsticas exclusivas en Espa\u00f1a y Portugal\",\"publisher\":{\"@id\":\"https:\/\/topspaintours.com\/es\/#organization\"},\"potentialAction\":[{\"@type\":\"SearchAction\",\"target\":{\"@type\":\"EntryPoint\",\"urlTemplate\":\"https:\/\/topspaintours.com\/es\/?s={search_term_string}\"},\"query-input\":{\"@type\":\"PropertyValueSpecification\",\"valueRequired\":true,\"valueName\":\"search_term_string\"}}],\"inLanguage\":\"es\"},{\"@type\":\"Organization\",\"@id\":\"https:\/\/topspaintours.com\/es\/#organization\",\"name\":\"Top Spain Tours\",\"url\":\"https:\/\/topspaintours.com\/es\/\",\"logo\":{\"@type\":\"ImageObject\",\"inLanguage\":\"es\",\"@id\":\"https:\/\/topspaintours.com\/es\/#\/schema\/logo\/image\/\",\"url\":\"https:\/\/topspaintours.com\/wp-content\/uploads\/2023\/12\/top-spain-logo-nuevo.png\",\"contentUrl\":\"https:\/\/topspaintours.com\/wp-content\/uploads\/2023\/12\/top-spain-logo-nuevo.png\",\"width\":425,\"height\":455,\"caption\":\"Top Spain Tours\"},\"image\":{\"@id\":\"https:\/\/topspaintours.com\/es\/#\/schema\/logo\/image\/\"}}]}<\/script>\n<!-- \/ Yoast SEO plugin. -->","yoast_head_json":{"title":"Coche Privado & Gu\u00eda Cartagena (4 horas) - Top Spain Tours","robots":{"index":"index","follow":"follow","max-snippet":"max-snippet:-1","max-image-preview":"max-image-preview:large","max-video-preview":"max-video-preview:-1"},"canonical":"https:\/\/topspaintours.com\/es\/productos\/private-car-guide-cartagena-4h\/","og_locale":"es_ES","og_type":"article","og_title":"Coche Privado & Gu\u00eda Cartagena (4 horas) - Top Spain Tours","og_description":"Tour privado para hasta 2 personas. Los tiempos y el orden de las visitas pueden ajustarse seg\u00fan el tr\u00e1fico o tus preferencias.","og_url":"https:\/\/topspaintours.com\/es\/productos\/private-car-guide-cartagena-4h\/","og_site_name":"Top Spain Tours","article_modified_time":"2026-01-13T09:12:27+00:00","og_image":[{"width":952,"height":625,"url":"https:\/\/topspaintours.com\/wp-content\/uploads\/2025\/09\/Private-Car-Guide-Cartagena-4h.jpg","type":"image\/jpeg"}],"twitter_card":"summary_large_image","twitter_misc":{"Tiempo de lectura":"1 minuto"},"schema":{"@context":"https:\/\/schema.org","@graph":[{"@type":"WebPage","@id":"https:\/\/topspaintours.com\/es\/productos\/private-car-guide-cartagena-4h\/","url":"https:\/\/topspaintours.com\/es\/productos\/private-car-guide-cartagena-4h\/","name":"Coche Privado & Gu\u00eda Cartagena (4 horas) - Top Spain Tours","isPartOf":{"@id":"https:\/\/topspaintours.com\/es\/#website"},"primaryImageOfPage":{"@id":"https:\/\/topspaintours.com\/es\/productos\/private-car-guide-cartagena-4h\/#primaryimage"},"image":{"@id":"https:\/\/topspaintours.com\/es\/productos\/private-car-guide-cartagena-4h\/#primaryimage"},"thumbnailUrl":"https:\/\/topspaintours.com\/wp-content\/uploads\/2025\/09\/Private-Car-Guide-Cartagena-4h.jpg","datePublished":"2025-09-12T12:38:25+00:00","dateModified":"2026-01-13T09:12:27+00:00","breadcrumb":{"@id":"https:\/\/topspaintours.com\/es\/productos\/private-car-guide-cartagena-4h\/#breadcrumb"},"inLanguage":"es","potentialAction":[{"@type":"ReadAction","target":["https:\/\/topspaintours.com\/es\/productos\/private-car-guide-cartagena-4h\/"]}]},{"@type":"ImageObject","inLanguage":"es","@id":"https:\/\/topspaintours.com\/es\/productos\/private-car-guide-cartagena-4h\/#primaryimage","url":"https:\/\/topspaintours.com\/wp-content\/uploads\/2025\/09\/Private-Car-Guide-Cartagena-4h.jpg","contentUrl":"https:\/\/topspaintours.com\/wp-content\/uploads\/2025\/09\/Private-Car-Guide-Cartagena-4h.jpg","width":952,"height":625,"caption":"Private Car & Guide Cartagena 4h"},{"@type":"BreadcrumbList","@id":"https:\/\/topspaintours.com\/es\/productos\/private-car-guide-cartagena-4h\/#breadcrumb","itemListElement":[{"@type":"ListItem","position":1,"name":"Portada","item":"https:\/\/topspaintours.com\/es\/"},{"@type":"ListItem","position":2,"name":"Tienda","item":"https:\/\/topspaintours.com\/tienda\/"},{"@type":"ListItem","position":3,"name":"Coche Privado &#038; Gu\u00eda Cartagena (4 horas)"}]},{"@type":"WebSite","@id":"https:\/\/topspaintours.com\/es\/#website","url":"https:\/\/topspaintours.com\/es\/","name":"Top Spain Tours","description":"Tours privados y experiencias tur\u00edsticas exclusivas en Espa\u00f1a y Portugal","publisher":{"@id":"https:\/\/topspaintours.com\/es\/#organization"},"potentialAction":[{"@type":"SearchAction","target":{"@type":"EntryPoint","urlTemplate":"https:\/\/topspaintours.com\/es\/?s={search_term_string}"},"query-input":{"@type":"PropertyValueSpecification","valueRequired":true,"valueName":"search_term_string"}}],"inLanguage":"es"},{"@type":"Organization","@id":"https:\/\/topspaintours.com\/es\/#organization","name":"Top Spain Tours","url":"https:\/\/topspaintours.com\/es\/","logo":{"@type":"ImageObject","inLanguage":"es","@id":"https:\/\/topspaintours.com\/es\/#\/schema\/logo\/image\/","url":"https:\/\/topspaintours.com\/wp-content\/uploads\/2023\/12\/top-spain-logo-nuevo.png","contentUrl":"https:\/\/topspaintours.com\/wp-content\/uploads\/2023\/12\/top-spain-logo-nuevo.png","width":425,"height":455,"caption":"Top Spain Tours"},"image":{"@id":"https:\/\/topspaintours.com\/es\/#\/schema\/logo\/image\/"}}]}},"_links":{"self":[{"href":"https:\/\/topspaintours.com\/es\/wp-json\/wp\/v2\/product\/2186","targetHints":{"allow":["GET"]}}],"collection":[{"href":"https:\/\/topspaintours.com\/es\/wp-json\/wp\/v2\/product"}],"about":[{"href":"https:\/\/topspaintours.com\/es\/wp-json\/wp\/v2\/types\/product"}],"replies":[{"embeddable":true,"href":"https:\/\/topspaintours.com\/es\/wp-json\/wp\/v2\/comments?post=2186"}],"version-history":[{"count":0,"href":"https:\/\/topspaintours.com\/es\/wp-json\/wp\/v2\/product\/2186\/revisions"}],"wp:featuredmedia":[{"embeddable":true,"href":"https:\/\/topspaintours.com\/es\/wp-json\/wp\/v2\/media\/2187"}],"wp:attachment":[{"href":"https:\/\/topspaintours.com\/es\/wp-json\/wp\/v2\/media?parent=2186"}],"wp:term":[{"taxonomy":"product_brand","embeddable":true,"href":"https:\/\/topspaintours.com\/es\/wp-json\/wp\/v2\/product_brand?post=2186"},{"taxonomy":"product_cat","embeddable":true,"href":"https:\/\/topspaintours.com\/es\/wp-json\/wp\/v2\/product_cat?post=2186"},{"taxonomy":"product_tag","embeddable":true,"href":"https:\/\/topspaintours.com\/es\/wp-json\/wp\/v2\/product_tag?post=2186"},{"taxonomy":"idioma-del-tour","embeddable":true,"href":"https:\/\/topspaintours.com\/es\/wp-json\/wp\/v2\/idioma-del-tour?post=2186"}],"curies":[{"name":"wp","href":"https:\/\/api.w.org\/{rel}","templated":true}]}}