{"id":2077,"date":"2025-09-12T10:34:46","date_gmt":"2025-09-12T10:34:46","guid":{"rendered":"https:\/\/topspaintours.com\/?post_type=product&#038;p=2077"},"modified":"2026-01-13T09:12:03","modified_gmt":"2026-01-13T09:12:03","slug":"tour-en-barcelona-4-horas-en-coche-con-guia-2","status":"publish","type":"product","link":"https:\/\/topspaintours.com\/es\/productos\/tour-en-barcelona-4-horas-en-coche-con-guia-2\/","title":{"rendered":"Coche Privado &#038; Gu\u00eda Barcelona (4 horas)"},"content":{"rendered":"<p><span style=\"font-weight: 400;\">Tour Guiado en Coche \u2013 Barcelona en 4 Horas.<\/span><\/p>\n<p><span style=\"font-weight: 400;\">Durante el recorrido, visitaremos algunos de los puntos m\u00e1s representativos, como la Sagrada Familia, el Paseo de Gracia con sus edificios modernistas, el Barrio G\u00f3tico, y la zona de Montju\u00efc, conocida por sus vistas panor\u00e1micas y monumentos hist\u00f3ricos. A lo largo del trayecto, realizaremos breves paradas para fotos y paseos, en funci\u00f3n de tus intereses.<br \/>\n<\/span><span style=\"font-weight: 400;\">Un gu\u00eda profesional te acompa\u00f1ar\u00e1 durante toda la experiencia, ofreciendo informaci\u00f3n interesante sobre la historia, la cultura y la arquitectura de la ciudad.<br \/>\n<\/span><span style=\"font-weight: 400;\">Idioma: Espa\u00f1ol (otros idiomas disponibles bajo petici\u00f3n)<\/span><\/p>\n","protected":false},"excerpt":{"rendered":"<p><span style=\"font-weight: 400;\">Descubre lo esencial de Barcelona en solo 4 horas con este tour guiado en coche, ideal para quienes disponen de poco tiempo pero no quieren perderse los lugares m\u00e1s emblem\u00e1ticos de la ciudad.<\/span><\/p>\n","protected":false},"featured_media":3807,"comment_status":"closed","ping_status":"closed","template":"","meta":[],"product_brand":[],"product_cat":[35],"product_tag":[50],"idioma-del-tour":[44],"class_list":{"0":"post-2077","1":"product","2":"type-product","3":"status-publish","4":"has-post-thumbnail","6":"product_cat-barcelona","7":"product_tag-coche-guia","8":"idioma-del-tour-espanol","10":"first","11":"instock","12":"sold-individually","13":"taxable","14":"shipping-taxable","15":"purchasable","16":"product-type-booking"},"yoast_head":"<!-- This site is optimized with the Yoast SEO plugin v27.0 - https:\/\/yoast.com\/product\/yoast-seo-wordpress\/ -->\n<title>Coche Privado &amp; Gu\u00eda Barcelona (4 horas) - Top Spain Tours<\/title>\n<meta name=\"robots\" content=\"index, follow, max-snippet:-1, max-image-preview:large, max-video-preview:-1\" \/>\n<link rel=\"canonical\" href=\"https:\/\/topspaintours.com\/es\/productos\/tour-en-barcelona-4-horas-en-coche-con-guia-2\/\" \/>\n<meta property=\"og:locale\" content=\"es_ES\" \/>\n<meta property=\"og:type\" content=\"article\" \/>\n<meta property=\"og:title\" content=\"Coche Privado &amp; Gu\u00eda Barcelona (4 horas) - Top Spain Tours\" \/>\n<meta property=\"og:description\" content=\"Descubre lo esencial de Barcelona en solo 4 horas con este tour guiado en coche, ideal para quienes disponen de poco tiempo pero no quieren perderse los lugares m\u00e1s emblem\u00e1ticos de la ciudad.\" \/>\n<meta property=\"og:url\" content=\"https:\/\/topspaintours.com\/es\/productos\/tour-en-barcelona-4-horas-en-coche-con-guia-2\/\" \/>\n<meta property=\"og:site_name\" content=\"Top Spain Tours\" \/>\n<meta property=\"article:modified_time\" content=\"2026-01-13T09:12:03+00:00\" \/>\n<meta property=\"og:image\" content=\"https:\/\/topspaintours.com\/wp-content\/uploads\/2025\/09\/czNmcy1wcml2YXRlL3Jhd3BpeGVsX2ltYWdlcy93ZWJzaXRlX2NvbnRlbnQvbHIvcHg2NDIwNzYtaW1hZ2Uta3d2djhvb2IuanBn.jpg\" \/>\n\t<meta property=\"og:image:width\" content=\"1000\" \/>\n\t<meta property=\"og:image:height\" content=\"667\" \/>\n\t<meta property=\"og:image:type\" content=\"image\/jpeg\" \/>\n<meta name=\"twitter:card\" content=\"summary_large_image\" \/>\n<meta name=\"twitter:label1\" content=\"Tiempo de lectura\" \/>\n\t<meta name=\"twitter:data1\" content=\"1 minuto\" \/>\n<script type=\"application\/ld+json\" class=\"yoast-schema-graph\">{\"@context\":\"https:\/\/schema.org\",\"@graph\":[{\"@type\":\"WebPage\",\"@id\":\"https:\/\/topspaintours.com\/es\/productos\/tour-en-barcelona-4-horas-en-coche-con-guia-2\/\",\"url\":\"https:\/\/topspaintours.com\/es\/productos\/tour-en-barcelona-4-horas-en-coche-con-guia-2\/\",\"name\":\"Coche Privado & Gu\u00eda Barcelona (4 horas) - Top Spain Tours\",\"isPartOf\":{\"@id\":\"https:\/\/topspaintours.com\/es\/#website\"},\"primaryImageOfPage\":{\"@id\":\"https:\/\/topspaintours.com\/es\/productos\/tour-en-barcelona-4-horas-en-coche-con-guia-2\/#primaryimage\"},\"image\":{\"@id\":\"https:\/\/topspaintours.com\/es\/productos\/tour-en-barcelona-4-horas-en-coche-con-guia-2\/#primaryimage\"},\"thumbnailUrl\":\"https:\/\/topspaintours.com\/wp-content\/uploads\/2025\/09\/czNmcy1wcml2YXRlL3Jhd3BpeGVsX2ltYWdlcy93ZWJzaXRlX2NvbnRlbnQvbHIvcHg2NDIwNzYtaW1hZ2Uta3d2djhvb2IuanBn.jpg\",\"datePublished\":\"2025-09-12T10:34:46+00:00\",\"dateModified\":\"2026-01-13T09:12:03+00:00\",\"breadcrumb\":{\"@id\":\"https:\/\/topspaintours.com\/es\/productos\/tour-en-barcelona-4-horas-en-coche-con-guia-2\/#breadcrumb\"},\"inLanguage\":\"es\",\"potentialAction\":[{\"@type\":\"ReadAction\",\"target\":[\"https:\/\/topspaintours.com\/es\/productos\/tour-en-barcelona-4-horas-en-coche-con-guia-2\/\"]}]},{\"@type\":\"ImageObject\",\"inLanguage\":\"es\",\"@id\":\"https:\/\/topspaintours.com\/es\/productos\/tour-en-barcelona-4-horas-en-coche-con-guia-2\/#primaryimage\",\"url\":\"https:\/\/topspaintours.com\/wp-content\/uploads\/2025\/09\/czNmcy1wcml2YXRlL3Jhd3BpeGVsX2ltYWdlcy93ZWJzaXRlX2NvbnRlbnQvbHIvcHg2NDIwNzYtaW1hZ2Uta3d2djhvb2IuanBn.jpg\",\"contentUrl\":\"https:\/\/topspaintours.com\/wp-content\/uploads\/2025\/09\/czNmcy1wcml2YXRlL3Jhd3BpeGVsX2ltYWdlcy93ZWJzaXRlX2NvbnRlbnQvbHIvcHg2NDIwNzYtaW1hZ2Uta3d2djhvb2IuanBn.jpg\",\"width\":1000,\"height\":667,\"caption\":\"Free triumphal arch in the city of Barcelona public domain CC0 photo. More: View public domain image source here\"},{\"@type\":\"BreadcrumbList\",\"@id\":\"https:\/\/topspaintours.com\/es\/productos\/tour-en-barcelona-4-horas-en-coche-con-guia-2\/#breadcrumb\",\"itemListElement\":[{\"@type\":\"ListItem\",\"position\":1,\"name\":\"Portada\",\"item\":\"https:\/\/topspaintours.com\/es\/\"},{\"@type\":\"ListItem\",\"position\":2,\"name\":\"Tienda\",\"item\":\"https:\/\/topspaintours.com\/tienda\/\"},{\"@type\":\"ListItem\",\"position\":3,\"name\":\"Coche Privado &#038; Gu\u00eda Barcelona (4 horas)\"}]},{\"@type\":\"WebSite\",\"@id\":\"https:\/\/topspaintours.com\/es\/#website\",\"url\":\"https:\/\/topspaintours.com\/es\/\",\"name\":\"Top Spain Tours\",\"description\":\"Tours privados y experiencias tur\u00edsticas exclusivas en Espa\u00f1a y Portugal\",\"publisher\":{\"@id\":\"https:\/\/topspaintours.com\/es\/#organization\"},\"potentialAction\":[{\"@type\":\"SearchAction\",\"target\":{\"@type\":\"EntryPoint\",\"urlTemplate\":\"https:\/\/topspaintours.com\/es\/?s={search_term_string}\"},\"query-input\":{\"@type\":\"PropertyValueSpecification\",\"valueRequired\":true,\"valueName\":\"search_term_string\"}}],\"inLanguage\":\"es\"},{\"@type\":\"Organization\",\"@id\":\"https:\/\/topspaintours.com\/es\/#organization\",\"name\":\"Top Spain Tours\",\"url\":\"https:\/\/topspaintours.com\/es\/\",\"logo\":{\"@type\":\"ImageObject\",\"inLanguage\":\"es\",\"@id\":\"https:\/\/topspaintours.com\/es\/#\/schema\/logo\/image\/\",\"url\":\"https:\/\/topspaintours.com\/wp-content\/uploads\/2023\/12\/top-spain-logo-nuevo.png\",\"contentUrl\":\"https:\/\/topspaintours.com\/wp-content\/uploads\/2023\/12\/top-spain-logo-nuevo.png\",\"width\":425,\"height\":455,\"caption\":\"Top Spain Tours\"},\"image\":{\"@id\":\"https:\/\/topspaintours.com\/es\/#\/schema\/logo\/image\/\"}}]}<\/script>\n<!-- \/ Yoast SEO plugin. -->","yoast_head_json":{"title":"Coche Privado & Gu\u00eda Barcelona (4 horas) - Top Spain Tours","robots":{"index":"index","follow":"follow","max-snippet":"max-snippet:-1","max-image-preview":"max-image-preview:large","max-video-preview":"max-video-preview:-1"},"canonical":"https:\/\/topspaintours.com\/es\/productos\/tour-en-barcelona-4-horas-en-coche-con-guia-2\/","og_locale":"es_ES","og_type":"article","og_title":"Coche Privado & Gu\u00eda Barcelona (4 horas) - Top Spain Tours","og_description":"Descubre lo esencial de Barcelona en solo 4 horas con este tour guiado en coche, ideal para quienes disponen de poco tiempo pero no quieren perderse los lugares m\u00e1s emblem\u00e1ticos de la ciudad.","og_url":"https:\/\/topspaintours.com\/es\/productos\/tour-en-barcelona-4-horas-en-coche-con-guia-2\/","og_site_name":"Top Spain Tours","article_modified_time":"2026-01-13T09:12:03+00:00","og_image":[{"width":1000,"height":667,"url":"https:\/\/topspaintours.com\/wp-content\/uploads\/2025\/09\/czNmcy1wcml2YXRlL3Jhd3BpeGVsX2ltYWdlcy93ZWJzaXRlX2NvbnRlbnQvbHIvcHg2NDIwNzYtaW1hZ2Uta3d2djhvb2IuanBn.jpg","type":"image\/jpeg"}],"twitter_card":"summary_large_image","twitter_misc":{"Tiempo de lectura":"1 minuto"},"schema":{"@context":"https:\/\/schema.org","@graph":[{"@type":"WebPage","@id":"https:\/\/topspaintours.com\/es\/productos\/tour-en-barcelona-4-horas-en-coche-con-guia-2\/","url":"https:\/\/topspaintours.com\/es\/productos\/tour-en-barcelona-4-horas-en-coche-con-guia-2\/","name":"Coche Privado & Gu\u00eda Barcelona (4 horas) - Top Spain Tours","isPartOf":{"@id":"https:\/\/topspaintours.com\/es\/#website"},"primaryImageOfPage":{"@id":"https:\/\/topspaintours.com\/es\/productos\/tour-en-barcelona-4-horas-en-coche-con-guia-2\/#primaryimage"},"image":{"@id":"https:\/\/topspaintours.com\/es\/productos\/tour-en-barcelona-4-horas-en-coche-con-guia-2\/#primaryimage"},"thumbnailUrl":"https:\/\/topspaintours.com\/wp-content\/uploads\/2025\/09\/czNmcy1wcml2YXRlL3Jhd3BpeGVsX2ltYWdlcy93ZWJzaXRlX2NvbnRlbnQvbHIvcHg2NDIwNzYtaW1hZ2Uta3d2djhvb2IuanBn.jpg","datePublished":"2025-09-12T10:34:46+00:00","dateModified":"2026-01-13T09:12:03+00:00","breadcrumb":{"@id":"https:\/\/topspaintours.com\/es\/productos\/tour-en-barcelona-4-horas-en-coche-con-guia-2\/#breadcrumb"},"inLanguage":"es","potentialAction":[{"@type":"ReadAction","target":["https:\/\/topspaintours.com\/es\/productos\/tour-en-barcelona-4-horas-en-coche-con-guia-2\/"]}]},{"@type":"ImageObject","inLanguage":"es","@id":"https:\/\/topspaintours.com\/es\/productos\/tour-en-barcelona-4-horas-en-coche-con-guia-2\/#primaryimage","url":"https:\/\/topspaintours.com\/wp-content\/uploads\/2025\/09\/czNmcy1wcml2YXRlL3Jhd3BpeGVsX2ltYWdlcy93ZWJzaXRlX2NvbnRlbnQvbHIvcHg2NDIwNzYtaW1hZ2Uta3d2djhvb2IuanBn.jpg","contentUrl":"https:\/\/topspaintours.com\/wp-content\/uploads\/2025\/09\/czNmcy1wcml2YXRlL3Jhd3BpeGVsX2ltYWdlcy93ZWJzaXRlX2NvbnRlbnQvbHIvcHg2NDIwNzYtaW1hZ2Uta3d2djhvb2IuanBn.jpg","width":1000,"height":667,"caption":"Free triumphal arch in the city of Barcelona public domain CC0 photo. More: View public domain image source here"},{"@type":"BreadcrumbList","@id":"https:\/\/topspaintours.com\/es\/productos\/tour-en-barcelona-4-horas-en-coche-con-guia-2\/#breadcrumb","itemListElement":[{"@type":"ListItem","position":1,"name":"Portada","item":"https:\/\/topspaintours.com\/es\/"},{"@type":"ListItem","position":2,"name":"Tienda","item":"https:\/\/topspaintours.com\/tienda\/"},{"@type":"ListItem","position":3,"name":"Coche Privado &#038; Gu\u00eda Barcelona (4 horas)"}]},{"@type":"WebSite","@id":"https:\/\/topspaintours.com\/es\/#website","url":"https:\/\/topspaintours.com\/es\/","name":"Top Spain Tours","description":"Tours privados y experiencias tur\u00edsticas exclusivas en Espa\u00f1a y Portugal","publisher":{"@id":"https:\/\/topspaintours.com\/es\/#organization"},"potentialAction":[{"@type":"SearchAction","target":{"@type":"EntryPoint","urlTemplate":"https:\/\/topspaintours.com\/es\/?s={search_term_string}"},"query-input":{"@type":"PropertyValueSpecification","valueRequired":true,"valueName":"search_term_string"}}],"inLanguage":"es"},{"@type":"Organization","@id":"https:\/\/topspaintours.com\/es\/#organization","name":"Top Spain Tours","url":"https:\/\/topspaintours.com\/es\/","logo":{"@type":"ImageObject","inLanguage":"es","@id":"https:\/\/topspaintours.com\/es\/#\/schema\/logo\/image\/","url":"https:\/\/topspaintours.com\/wp-content\/uploads\/2023\/12\/top-spain-logo-nuevo.png","contentUrl":"https:\/\/topspaintours.com\/wp-content\/uploads\/2023\/12\/top-spain-logo-nuevo.png","width":425,"height":455,"caption":"Top Spain Tours"},"image":{"@id":"https:\/\/topspaintours.com\/es\/#\/schema\/logo\/image\/"}}]}},"_links":{"self":[{"href":"https:\/\/topspaintours.com\/es\/wp-json\/wp\/v2\/product\/2077","targetHints":{"allow":["GET"]}}],"collection":[{"href":"https:\/\/topspaintours.com\/es\/wp-json\/wp\/v2\/product"}],"about":[{"href":"https:\/\/topspaintours.com\/es\/wp-json\/wp\/v2\/types\/product"}],"replies":[{"embeddable":true,"href":"https:\/\/topspaintours.com\/es\/wp-json\/wp\/v2\/comments?post=2077"}],"version-history":[{"count":0,"href":"https:\/\/topspaintours.com\/es\/wp-json\/wp\/v2\/product\/2077\/revisions"}],"wp:featuredmedia":[{"embeddable":true,"href":"https:\/\/topspaintours.com\/es\/wp-json\/wp\/v2\/media\/3807"}],"wp:attachment":[{"href":"https:\/\/topspaintours.com\/es\/wp-json\/wp\/v2\/media?parent=2077"}],"wp:term":[{"taxonomy":"product_brand","embeddable":true,"href":"https:\/\/topspaintours.com\/es\/wp-json\/wp\/v2\/product_brand?post=2077"},{"taxonomy":"product_cat","embeddable":true,"href":"https:\/\/topspaintours.com\/es\/wp-json\/wp\/v2\/product_cat?post=2077"},{"taxonomy":"product_tag","embeddable":true,"href":"https:\/\/topspaintours.com\/es\/wp-json\/wp\/v2\/product_tag?post=2077"},{"taxonomy":"idioma-del-tour","embeddable":true,"href":"https:\/\/topspaintours.com\/es\/wp-json\/wp\/v2\/idioma-del-tour?post=2077"}],"curies":[{"name":"wp","href":"https:\/\/api.w.org\/{rel}","templated":true}]}}