{"id":2231,"date":"2025-09-15T09:34:22","date_gmt":"2025-09-15T09:34:22","guid":{"rendered":"https:\/\/topspaintours.com\/?page_id=2231"},"modified":"2025-09-15T15:41:16","modified_gmt":"2025-09-15T15:41:16","slug":"formulario-de-recogida","status":"publish","type":"page","link":"https:\/\/topspaintours.com\/es\/formulario-de-recogida\/","title":{"rendered":"Formulario de Recogida"},"content":{"rendered":"\t\t<div data-elementor-type=\"wp-page\" data-elementor-id=\"2231\" class=\"elementor elementor-2231\" data-elementor-post-type=\"page\">\n\t\t\t\t<div class=\"elementor-element elementor-element-a0f2ce5 e-flex e-con-boxed e-con e-parent\" data-id=\"a0f2ce5\" data-element_type=\"container\" data-e-type=\"container\" data-settings=\"{&quot;background_background&quot;:&quot;classic&quot;,&quot;jet_parallax_layout_list&quot;:[]}\">\n\t\t\t\t\t<div class=\"e-con-inner\">\n\t\t<div class=\"elementor-element elementor-element-e202114 e-flex e-con-boxed e-con e-child\" data-id=\"e202114\" data-element_type=\"container\" data-e-type=\"container\" data-settings=\"{&quot;jet_parallax_layout_list&quot;:[]}\">\n\t\t\t\t\t<div class=\"e-con-inner\">\n\t\t\t\t<div class=\"elementor-element elementor-element-40d8360 elementor-widget__width-initial elementor-invisible elementor-widget elementor-widget-heading\" data-id=\"40d8360\" data-element_type=\"widget\" data-e-type=\"widget\" data-settings=\"{&quot;_animation&quot;:&quot;fadeIn&quot;,&quot;_animation_delay&quot;:100}\" data-widget_type=\"heading.default\">\n\t\t\t\t<div class=\"elementor-widget-container\">\n\t\t\t\t\t<h1 class=\"elementor-heading-title elementor-size-default\">Formulario de recogida<\/h1>\t\t\t\t<\/div>\n\t\t\t\t<\/div>\n\t\t\t\t<div class=\"elementor-element elementor-element-528047e elementor-widget__width-initial elementor-invisible elementor-widget elementor-widget-heading\" data-id=\"528047e\" data-element_type=\"widget\" data-e-type=\"widget\" data-settings=\"{&quot;_animation&quot;:&quot;fadeIn&quot;,&quot;_animation_delay&quot;:200}\" data-widget_type=\"heading.default\">\n\t\t\t\t<div class=\"elementor-widget-container\">\n\t\t\t\t\t<h2 class=\"elementor-heading-title elementor-size-default\">Para ofrecerle un mejor servicio<\/h2>\t\t\t\t<\/div>\n\t\t\t\t<\/div>\n\t\t\t\t<div class=\"elementor-element elementor-element-4887beb elementor-widget__width-initial elementor-invisible elementor-widget elementor-widget-text-editor\" data-id=\"4887beb\" data-element_type=\"widget\" data-e-type=\"widget\" data-settings=\"{&quot;_animation&quot;:&quot;fadeIn&quot;,&quot;_animation_delay&quot;:300}\" data-widget_type=\"text-editor.default\">\n\t\t\t\t<div class=\"elementor-widget-container\">\n\t\t\t\t\t\t\t\t\t<p>Rellene el formulario sobre punto de recogida en alojamiento dentro de la zona metropolitana.<\/p>\t\t\t\t\t\t\t\t<\/div>\n\t\t\t\t<\/div>\n\t\t<div class=\"elementor-element elementor-element-a98cf69 e-flex e-con-boxed e-con e-child\" data-id=\"a98cf69\" data-element_type=\"container\" data-e-type=\"container\" data-settings=\"{&quot;background_background&quot;:&quot;classic&quot;,&quot;jet_parallax_layout_list&quot;:[]}\">\n\t\t\t\t\t<div class=\"e-con-inner\">\n\t\t\t\t<div class=\"elementor-element elementor-element-3eb4433 elementor-widget elementor-widget-html\" data-id=\"3eb4433\" data-element_type=\"widget\" data-e-type=\"widget\" data-widget_type=\"html.default\">\n\t\t\t\t<div class=\"elementor-widget-container\">\n\t\t\t\t\t%wc_get_products_in_cart% \t\t\t\t<\/div>\n\t\t\t\t<\/div>\n\t\t\t\t<div class=\"elementor-element elementor-element-fb71c7c elementor-button-align-start elementor-widget__width-initial elementor-widget elementor-widget-form\" data-id=\"fb71c7c\" data-element_type=\"widget\" data-e-type=\"widget\" data-settings=\"{&quot;step_next_label&quot;:&quot;Siguiente&quot;,&quot;step_previous_label&quot;:&quot;Anterior&quot;,&quot;button_width&quot;:&quot;100&quot;,&quot;step_type&quot;:&quot;number_text&quot;,&quot;step_icon_shape&quot;:&quot;circle&quot;}\" data-widget_type=\"form.default\">\n\t\t\t\t<div class=\"elementor-widget-container\">\n\t\t\t\t\t\t\t<form class=\"elementor-form\" method=\"post\" name=\"Nuevo formulario\" aria-label=\"Nuevo formulario\">\n\t\t\t<input type=\"hidden\" name=\"post_id\" value=\"2231\"\/>\n\t\t\t<input type=\"hidden\" name=\"form_id\" value=\"fb71c7c\"\/>\n\t\t\t<input type=\"hidden\" name=\"referer_title\" value=\"Formulario de Recogida - Top Spain Tours\" \/>\n\n\t\t\t\t\t\t\t<input type=\"hidden\" name=\"queried_id\" value=\"2231\"\/>\n\t\t\t\n\t\t\t<div class=\"elementor-form-fields-wrapper elementor-labels-\">\n\t\t\t\t\t\t\t\t<div class=\"elementor-field-type-text elementor-field-group elementor-column elementor-field-group-direccion elementor-col-100 elementor-field-required\">\n\t\t\t\t\t\t\t\t\t\t\t\t<label for=\"form-field-direccion\" class=\"elementor-field-label elementor-screen-only\">\n\t\t\t\t\t\t\t\tDirecci\u00f3n de recogida: \t\t\t\t\t\t\t<\/label>\n\t\t\t\t\t\t\t\t\t\t\t\t\t\t<input size=\"1\" type=\"text\" name=\"form_fields[direccion]\" id=\"form-field-direccion\" class=\"elementor-field elementor-size-sm  elementor-field-textual\" placeholder=\"Direcci\u00f3n de recogida: Alojamiento\/Puerto\/Aeropuerto\" required=\"required\">\n\t\t\t\t\t\t\t\t\t\t\t<\/div>\n\t\t\t\t\t\t\t\t<div class=\"elementor-field-type-text elementor-field-group elementor-column elementor-field-group-cp elementor-col-100\">\n\t\t\t\t\t\t\t\t\t\t\t\t<label for=\"form-field-cp\" class=\"elementor-field-label elementor-screen-only\">\n\t\t\t\t\t\t\t\tC\u00f3digo Postal: \t\t\t\t\t\t\t<\/label>\n\t\t\t\t\t\t\t\t\t\t\t\t\t\t<input size=\"1\" type=\"text\" name=\"form_fields[cp]\" id=\"form-field-cp\" class=\"elementor-field elementor-size-sm  elementor-field-textual\" placeholder=\"C\u00f3digo Postal\">\n\t\t\t\t\t\t\t\t\t\t\t<\/div>\n\t\t\t\t\t\t\t\t<div class=\"elementor-field-type-textarea elementor-field-group elementor-column elementor-field-group-referencia elementor-col-100\">\n\t\t\t\t\t\t\t\t\t\t\t\t<label for=\"form-field-referencia\" class=\"elementor-field-label elementor-screen-only\">\n\t\t\t\t\t\t\t\tPunto de referencia: \t\t\t\t\t\t\t<\/label>\n\t\t\t\t\t\t<textarea class=\"elementor-field-textual elementor-field  elementor-size-sm\" name=\"form_fields[referencia]\" id=\"form-field-referencia\" rows=\"4\" placeholder=\"Punto de referencia\"><\/textarea>\t\t\t\t<\/div>\n\t\t\t\t\t\t\t\t<div class=\"elementor-field-type-email elementor-field-group elementor-column elementor-field-group-email elementor-col-100 elementor-field-required\">\n\t\t\t\t\t\t\t\t\t\t\t\t<label for=\"form-field-email\" class=\"elementor-field-label elementor-screen-only\">\n\t\t\t\t\t\t\t\tEmail\t\t\t\t\t\t\t<\/label>\n\t\t\t\t\t\t\t\t\t\t\t\t\t\t<input size=\"1\" type=\"email\" name=\"form_fields[email]\" id=\"form-field-email\" class=\"elementor-field elementor-size-sm  elementor-field-textual\" placeholder=\"Email\" required=\"required\">\n\t\t\t\t\t\t\t\t\t\t\t<\/div>\n\t\t\t\t\t\t\t\t<div class=\"elementor-field-type-acceptance elementor-field-group elementor-column elementor-field-group-aceptacion elementor-col-100 elementor-field-required\">\n\t\t\t\t\t\t\t\t\t\t\t\t<label for=\"form-field-aceptacion\" class=\"elementor-field-label elementor-screen-only\">\n\t\t\t\t\t\t\t\tS\u00ed, estoy de acuerdo con la Pol\u00edtica de Privacidad de empresa\t\t\t\t\t\t\t<\/label>\n\t\t\t\t\t\t\t\t<div class=\"elementor-field-subgroup\">\n\t\t\t<span class=\"elementor-field-option\">\n\t\t\t\t<input type=\"checkbox\" name=\"form_fields[aceptacion]\" id=\"form-field-aceptacion\" class=\"elementor-field elementor-size-sm  elementor-acceptance-field\" required=\"required\">\n\t\t\t\t<label for=\"form-field-aceptacion\">S\u00ed, estoy de acuerdo con la <a style=\"color: #162848;\" href=\"https:\/\/topspaintours.com\/?page_id=624\">Pol\u00edtica de privacidad<\/a><\/a> de empresa<\/label>\t\t\t<\/span>\n\t\t<\/div>\n\t\t\t\t\t\t<\/div>\n\t\t\t\t\t\t\t\t<div class=\"elementor-field-group elementor-column elementor-field-type-submit elementor-col-100 e-form__buttons\">\n\t\t\t\t\t<button class=\"elementor-button elementor-size-sm\" type=\"submit\">\n\t\t\t\t\t\t<span class=\"elementor-button-content-wrapper\">\n\t\t\t\t\t\t\t\t\t\t\t\t\t\t\t\t\t\t\t\t\t\t<span class=\"elementor-button-text\">Enviar<\/span>\n\t\t\t\t\t\t\t\t\t\t\t\t\t<\/span>\n\t\t\t\t\t<\/button>\n\t\t\t\t<\/div>\n\t\t\t<\/div>\n\t\t<\/form>\n\t\t\t\t\t\t<\/div>\n\t\t\t\t<\/div>\n\t\t\t\t\t<\/div>\n\t\t\t\t<\/div>\n\t\t<div class=\"elementor-element elementor-element-018dd20 e-flex e-con-boxed e-con e-child\" data-id=\"018dd20\" data-element_type=\"container\" data-e-type=\"container\" data-settings=\"{&quot;jet_parallax_layout_list&quot;:[]}\">\n\t\t\t\t\t<div class=\"e-con-inner\">\n\t\t\t\t<div class=\"elementor-element elementor-element-718fadf elementor-widget elementor-widget-text-editor\" data-id=\"718fadf\" data-element_type=\"widget\" data-e-type=\"widget\" data-widget_type=\"text-editor.default\">\n\t\t\t\t<div class=\"elementor-widget-container\">\n\t\t\t\t\t\t\t\t\tPol\u00edtica de Privacidad\t\t\t\t\t\t\t\t<\/div>\n\t\t\t\t<\/div>\n\t\t\t\t<div class=\"elementor-element elementor-element-23f624a elementor-widget elementor-widget-text-editor\" data-id=\"23f624a\" data-element_type=\"widget\" data-e-type=\"widget\" data-widget_type=\"text-editor.default\">\n\t\t\t\t<div class=\"elementor-widget-container\">\n\t\t\t\t\t\t\t\t\t<p>En cumplimiento de la normativa vigente en materia de Protecci\u00f3n de Datos personales, le informamos que los datos personales facilitados por los usuarios de \u00e9sta web en sus distintos formularios ser\u00e1n incorporados y tratados en uno o m\u00e1s ficheros titularidad de\u00a0<strong>TBD CARTAGENA TOURS S.L.<\/strong>\u00a0con la finalidad de gestionar su solicitud, as\u00ed como para mantenerle informado, incluso por v\u00eda electr\u00f3nica, de futuras noticias y novedades relacionadas con nuestra empresa.<\/p>\t\t\t\t\t\t\t\t<\/div>\n\t\t\t\t<\/div>\n\t\t\t\t<div class=\"elementor-element elementor-element-fc787d5 elementor-widget elementor-widget-n-accordion\" data-id=\"fc787d5\" data-element_type=\"widget\" data-e-type=\"widget\" data-settings=\"{&quot;default_state&quot;:&quot;all_collapsed&quot;,&quot;max_items_expended&quot;:&quot;one&quot;,&quot;n_accordion_animation_duration&quot;:{&quot;unit&quot;:&quot;ms&quot;,&quot;size&quot;:400,&quot;sizes&quot;:[]}}\" data-widget_type=\"nested-accordion.default\">\n\t\t\t\t<div class=\"elementor-widget-container\">\n\t\t\t\t\t\t\t<div class=\"e-n-accordion\" aria-label=\"Accordion. Open links with Enter or Space, close with Escape, and navigate with Arrow Keys\">\n\t\t\t\t\t\t<details id=\"e-n-accordion-item-2640\" class=\"e-n-accordion-item\" >\n\t\t\t\t<summary class=\"e-n-accordion-item-title\" data-accordion-index=\"1\" tabindex=\"0\" aria-expanded=\"false\" aria-controls=\"e-n-accordion-item-2640\" >\n\t\t\t\t\t<span class='e-n-accordion-item-title-header'><div class=\"e-n-accordion-item-title-text\"> Leer m\u00e1s <\/div><\/span>\n\t\t\t\t\t\t\t<span class='e-n-accordion-item-title-icon'>\n\t\t\t<span class='e-opened' ><svg aria-hidden=\"true\" class=\"e-font-icon-svg e-fas-minus\" viewBox=\"0 0 448 512\" xmlns=\"http:\/\/www.w3.org\/2000\/svg\"><path d=\"M416 208H32c-17.67 0-32 14.33-32 32v32c0 17.67 14.33 32 32 32h384c17.67 0 32-14.33 32-32v-32c0-17.67-14.33-32-32-32z\"><\/path><\/svg><\/span>\n\t\t\t<span class='e-closed'><svg aria-hidden=\"true\" class=\"e-font-icon-svg e-fas-plus\" viewBox=\"0 0 448 512\" xmlns=\"http:\/\/www.w3.org\/2000\/svg\"><path d=\"M416 208H272V64c0-17.67-14.33-32-32-32h-32c-17.67 0-32 14.33-32 32v144H32c-17.67 0-32 14.33-32 32v32c0 17.67 14.33 32 32 32h144v144c0 17.67 14.33 32 32 32h32c17.67 0 32-14.33 32-32V304h144c17.67 0 32-14.33 32-32v-32c0-17.67-14.33-32-32-32z\"><\/path><\/svg><\/span>\n\t\t<\/span>\n\n\t\t\t\t\t\t<\/summary>\n\t\t\t\t<div role=\"region\" aria-labelledby=\"e-n-accordion-item-2640\" class=\"elementor-element elementor-element-4996c72 e-con-full e-flex e-con e-child\" data-id=\"4996c72\" data-element_type=\"container\" data-e-type=\"container\" data-settings=\"{&quot;jet_parallax_layout_list&quot;:[]}\">\n\t\t\t\t<div class=\"elementor-element elementor-element-25acb12 elementor-widget elementor-widget-text-editor\" data-id=\"25acb12\" data-element_type=\"widget\" data-e-type=\"widget\" data-widget_type=\"text-editor.default\">\n\t\t\t\t<div class=\"elementor-widget-container\">\n\t\t\t\t\t\t\t\t\t<p>Los datos que se solicitan en los distintos formularios marcados con asterisco (*) son los estrictamente necesarios para poder proporcionarle el servicio solicitado o poder contactar con el usuario.<\/p>\t\t\t\t\t\t\t\t<\/div>\n\t\t\t\t<\/div>\n\t\t\t\t<\/div>\n\t\t\t\t\t<\/details>\n\t\t\t\t\t<\/div>\n\t\t\t\t\t\t<\/div>\n\t\t\t\t<\/div>\n\t\t\t\t\t<\/div>\n\t\t\t\t<\/div>\n\t\t\t\t\t<\/div>\n\t\t\t\t<\/div>\n\t\t\t\t\t<\/div>\n\t\t\t\t<\/div>\n\t\t\t\t<\/div>\n\t\t","protected":false},"excerpt":{"rendered":"<p>Formulario de recogida Para ofrecerle un mejor servicio Rellene el formulario sobre punto de recogida en alojamiento dentro de la zona metropolitana. %wc_get_products_in_cart% Pol\u00edtica de Privacidad En cumplimiento de la normativa vigente en materia de Protecci\u00f3n de Datos personales, le informamos que los datos personales facilitados por los usuarios de \u00e9sta web en sus distintos [&hellip;]<\/p>\n","protected":false},"author":1,"featured_media":0,"parent":0,"menu_order":0,"comment_status":"closed","ping_status":"closed","template":"","meta":{"footnotes":""},"class_list":["post-2231","page","type-page","status-publish","hentry"],"yoast_head":"<!-- This site is optimized with the Yoast SEO plugin v27.0 - https:\/\/yoast.com\/product\/yoast-seo-wordpress\/ -->\n<title>Formulario de Recogida - Top Spain Tours<\/title>\n<meta name=\"robots\" content=\"index, follow, max-snippet:-1, max-image-preview:large, max-video-preview:-1\" \/>\n<link rel=\"canonical\" href=\"https:\/\/topspaintours.com\/es\/formulario-de-recogida\/\" \/>\n<meta property=\"og:locale\" content=\"es_ES\" \/>\n<meta property=\"og:type\" content=\"article\" \/>\n<meta property=\"og:title\" content=\"Formulario de Recogida - Top Spain Tours\" \/>\n<meta property=\"og:description\" content=\"Formulario de recogida Para ofrecerle un mejor servicio Rellene el formulario sobre punto de recogida en alojamiento dentro de la zona metropolitana. %wc_get_products_in_cart% Pol\u00edtica de Privacidad En cumplimiento de la normativa vigente en materia de Protecci\u00f3n de Datos personales, le informamos que los datos personales facilitados por los usuarios de \u00e9sta web en sus distintos [&hellip;]\" \/>\n<meta property=\"og:url\" content=\"https:\/\/topspaintours.com\/es\/formulario-de-recogida\/\" \/>\n<meta property=\"og:site_name\" content=\"Top Spain Tours\" \/>\n<meta property=\"article:modified_time\" content=\"2025-09-15T15:41:16+00:00\" \/>\n<meta name=\"twitter:card\" content=\"summary_large_image\" \/>\n<meta name=\"twitter:label1\" content=\"Tiempo de lectura\" \/>\n\t<meta name=\"twitter:data1\" content=\"1 minuto\" \/>\n<script type=\"application\/ld+json\" class=\"yoast-schema-graph\">{\"@context\":\"https:\/\/schema.org\",\"@graph\":[{\"@type\":\"WebPage\",\"@id\":\"https:\/\/topspaintours.com\/es\/formulario-de-recogida\/\",\"url\":\"https:\/\/topspaintours.com\/es\/formulario-de-recogida\/\",\"name\":\"Formulario de Recogida - Top Spain Tours\",\"isPartOf\":{\"@id\":\"https:\/\/topspaintours.com\/es\/#website\"},\"datePublished\":\"2025-09-15T09:34:22+00:00\",\"dateModified\":\"2025-09-15T15:41:16+00:00\",\"breadcrumb\":{\"@id\":\"https:\/\/topspaintours.com\/es\/formulario-de-recogida\/#breadcrumb\"},\"inLanguage\":\"es\",\"potentialAction\":[{\"@type\":\"ReadAction\",\"target\":[\"https:\/\/topspaintours.com\/es\/formulario-de-recogida\/\"]}]},{\"@type\":\"BreadcrumbList\",\"@id\":\"https:\/\/topspaintours.com\/es\/formulario-de-recogida\/#breadcrumb\",\"itemListElement\":[{\"@type\":\"ListItem\",\"position\":1,\"name\":\"Portada\",\"item\":\"https:\/\/topspaintours.com\/es\/\"},{\"@type\":\"ListItem\",\"position\":2,\"name\":\"Formulario de Recogida\"}]},{\"@type\":\"WebSite\",\"@id\":\"https:\/\/topspaintours.com\/es\/#website\",\"url\":\"https:\/\/topspaintours.com\/es\/\",\"name\":\"Top Spain Tours\",\"description\":\"Tours privados y experiencias tur\u00edsticas exclusivas en Espa\u00f1a y Portugal\",\"publisher\":{\"@id\":\"https:\/\/topspaintours.com\/es\/#organization\"},\"potentialAction\":[{\"@type\":\"SearchAction\",\"target\":{\"@type\":\"EntryPoint\",\"urlTemplate\":\"https:\/\/topspaintours.com\/es\/?s={search_term_string}\"},\"query-input\":{\"@type\":\"PropertyValueSpecification\",\"valueRequired\":true,\"valueName\":\"search_term_string\"}}],\"inLanguage\":\"es\"},{\"@type\":\"Organization\",\"@id\":\"https:\/\/topspaintours.com\/es\/#organization\",\"name\":\"Top Spain Tours\",\"url\":\"https:\/\/topspaintours.com\/es\/\",\"logo\":{\"@type\":\"ImageObject\",\"inLanguage\":\"es\",\"@id\":\"https:\/\/topspaintours.com\/es\/#\/schema\/logo\/image\/\",\"url\":\"https:\/\/topspaintours.com\/wp-content\/uploads\/2023\/12\/top-spain-logo-nuevo.png\",\"contentUrl\":\"https:\/\/topspaintours.com\/wp-content\/uploads\/2023\/12\/top-spain-logo-nuevo.png\",\"width\":425,\"height\":455,\"caption\":\"Top Spain Tours\"},\"image\":{\"@id\":\"https:\/\/topspaintours.com\/es\/#\/schema\/logo\/image\/\"}}]}<\/script>\n<!-- \/ Yoast SEO plugin. -->","yoast_head_json":{"title":"Formulario de Recogida - Top Spain Tours","robots":{"index":"index","follow":"follow","max-snippet":"max-snippet:-1","max-image-preview":"max-image-preview:large","max-video-preview":"max-video-preview:-1"},"canonical":"https:\/\/topspaintours.com\/es\/formulario-de-recogida\/","og_locale":"es_ES","og_type":"article","og_title":"Formulario de Recogida - Top Spain Tours","og_description":"Formulario de recogida Para ofrecerle un mejor servicio Rellene el formulario sobre punto de recogida en alojamiento dentro de la zona metropolitana. %wc_get_products_in_cart% Pol\u00edtica de Privacidad En cumplimiento de la normativa vigente en materia de Protecci\u00f3n de Datos personales, le informamos que los datos personales facilitados por los usuarios de \u00e9sta web en sus distintos [&hellip;]","og_url":"https:\/\/topspaintours.com\/es\/formulario-de-recogida\/","og_site_name":"Top Spain Tours","article_modified_time":"2025-09-15T15:41:16+00:00","twitter_card":"summary_large_image","twitter_misc":{"Tiempo de lectura":"1 minuto"},"schema":{"@context":"https:\/\/schema.org","@graph":[{"@type":"WebPage","@id":"https:\/\/topspaintours.com\/es\/formulario-de-recogida\/","url":"https:\/\/topspaintours.com\/es\/formulario-de-recogida\/","name":"Formulario de Recogida - Top Spain Tours","isPartOf":{"@id":"https:\/\/topspaintours.com\/es\/#website"},"datePublished":"2025-09-15T09:34:22+00:00","dateModified":"2025-09-15T15:41:16+00:00","breadcrumb":{"@id":"https:\/\/topspaintours.com\/es\/formulario-de-recogida\/#breadcrumb"},"inLanguage":"es","potentialAction":[{"@type":"ReadAction","target":["https:\/\/topspaintours.com\/es\/formulario-de-recogida\/"]}]},{"@type":"BreadcrumbList","@id":"https:\/\/topspaintours.com\/es\/formulario-de-recogida\/#breadcrumb","itemListElement":[{"@type":"ListItem","position":1,"name":"Portada","item":"https:\/\/topspaintours.com\/es\/"},{"@type":"ListItem","position":2,"name":"Formulario de Recogida"}]},{"@type":"WebSite","@id":"https:\/\/topspaintours.com\/es\/#website","url":"https:\/\/topspaintours.com\/es\/","name":"Top Spain Tours","description":"Tours privados y experiencias tur\u00edsticas exclusivas en Espa\u00f1a y Portugal","publisher":{"@id":"https:\/\/topspaintours.com\/es\/#organization"},"potentialAction":[{"@type":"SearchAction","target":{"@type":"EntryPoint","urlTemplate":"https:\/\/topspaintours.com\/es\/?s={search_term_string}"},"query-input":{"@type":"PropertyValueSpecification","valueRequired":true,"valueName":"search_term_string"}}],"inLanguage":"es"},{"@type":"Organization","@id":"https:\/\/topspaintours.com\/es\/#organization","name":"Top Spain Tours","url":"https:\/\/topspaintours.com\/es\/","logo":{"@type":"ImageObject","inLanguage":"es","@id":"https:\/\/topspaintours.com\/es\/#\/schema\/logo\/image\/","url":"https:\/\/topspaintours.com\/wp-content\/uploads\/2023\/12\/top-spain-logo-nuevo.png","contentUrl":"https:\/\/topspaintours.com\/wp-content\/uploads\/2023\/12\/top-spain-logo-nuevo.png","width":425,"height":455,"caption":"Top Spain Tours"},"image":{"@id":"https:\/\/topspaintours.com\/es\/#\/schema\/logo\/image\/"}}]}},"_links":{"self":[{"href":"https:\/\/topspaintours.com\/es\/wp-json\/wp\/v2\/pages\/2231","targetHints":{"allow":["GET"]}}],"collection":[{"href":"https:\/\/topspaintours.com\/es\/wp-json\/wp\/v2\/pages"}],"about":[{"href":"https:\/\/topspaintours.com\/es\/wp-json\/wp\/v2\/types\/page"}],"author":[{"embeddable":true,"href":"https:\/\/topspaintours.com\/es\/wp-json\/wp\/v2\/users\/1"}],"replies":[{"embeddable":true,"href":"https:\/\/topspaintours.com\/es\/wp-json\/wp\/v2\/comments?post=2231"}],"version-history":[{"count":0,"href":"https:\/\/topspaintours.com\/es\/wp-json\/wp\/v2\/pages\/2231\/revisions"}],"wp:attachment":[{"href":"https:\/\/topspaintours.com\/es\/wp-json\/wp\/v2\/media?parent=2231"}],"curies":[{"name":"wp","href":"https:\/\/api.w.org\/{rel}","templated":true}]}}